{"id":2384,"date":"2025-10-23T14:35:30","date_gmt":"2025-10-23T18:35:30","guid":{"rendered":"https:\/\/opendoorcarenetwork.org\/?page_id=2384"},"modified":"2025-10-28T15:45:03","modified_gmt":"2025-10-28T19:45:03","slug":"annual-holiday-toy-drive","status":"publish","type":"page","link":"https:\/\/opendoorcarenetwork.org\/es\/annual-holiday-toy-drive\/","title":{"rendered":"Annual Holiday Toy Drive"},"content":{"rendered":"\t\t<div data-elementor-type=\"wp-page\" data-elementor-id=\"2384\" class=\"elementor elementor-2384 elementor-2378\" data-elementor-post-type=\"page\">\n\t\t\t\t<div data-dce-background-color=\"#174880\" class=\"elementor-element elementor-element-387c9ac e-flex e-con-boxed e-con e-parent\" data-id=\"387c9ac\" data-element_type=\"container\" data-e-type=\"container\" data-settings=\"{&quot;jet_parallax_layout_list&quot;:[],&quot;background_background&quot;:&quot;classic&quot;}\">\n\t\t\t\t\t<div class=\"e-con-inner\">\n\t\t<div class=\"elementor-element elementor-element-f0c743c e-con-full e-flex e-con e-child\" data-id=\"f0c743c\" data-element_type=\"container\" data-e-type=\"container\" data-settings=\"{&quot;jet_parallax_layout_list&quot;:[]}\">\n\t\t<div class=\"elementor-element elementor-element-99baf2a e-con-full e-flex e-con e-child\" data-id=\"99baf2a\" data-element_type=\"container\" data-e-type=\"container\" data-settings=\"{&quot;jet_parallax_layout_list&quot;:[]}\">\n\t\t\t\t<div class=\"elementor-element elementor-element-5f1c5c6 elementor-widget elementor-widget-heading\" data-id=\"5f1c5c6\" data-element_type=\"widget\" data-e-type=\"widget\" data-widget_type=\"heading.default\">\n\t\t\t\t<div class=\"elementor-widget-container\">\n\t\t\t\t\t<h2 class=\"elementor-heading-title elementor-size-default\">La Colecta Anual de Juguetes de Open Door<\/h2>\t\t\t\t<\/div>\n\t\t\t\t<\/div>\n\t\t\t\t<\/div>\n\t\t\t\t<\/div>\n\t\t\t\t\t<\/div>\n\t\t\t\t<\/div>\n\t\t<div class=\"elementor-element elementor-element-df41b3b e-flex e-con-boxed e-con e-parent\" data-id=\"df41b3b\" data-element_type=\"container\" data-e-type=\"container\" data-settings=\"{&quot;jet_parallax_layout_list&quot;:[]}\">\n\t\t\t\t\t<div class=\"e-con-inner\">\n\t\t<div class=\"elementor-element elementor-element-05c7225 e-con-full e-flex e-con e-child\" data-id=\"05c7225\" data-element_type=\"container\" data-e-type=\"container\" data-settings=\"{&quot;jet_parallax_layout_list&quot;:[]}\">\n\t\t<div class=\"elementor-element elementor-element-46d4938 e-flex e-con-boxed e-con e-child\" data-id=\"46d4938\" data-element_type=\"container\" data-e-type=\"container\" data-settings=\"{&quot;jet_parallax_layout_list&quot;:[]}\">\n\t\t\t\t\t<div class=\"e-con-inner\">\n\t\t\t\t<div data-dce-title-color=\"#174880\" class=\"elementor-element elementor-element-fe171c7 elementor-widget elementor-widget-heading\" data-id=\"fe171c7\" data-element_type=\"widget\" data-e-type=\"widget\" data-widget_type=\"heading.default\">\n\t\t\t\t<div class=\"elementor-widget-container\">\n\t\t\t\t\t<h3 class=\"elementor-heading-title elementor-size-default\">Give a gift to an Open Door child this holiday season!\n\nFor many children, this may be the only present they receive. <\/h3>\t\t\t\t<\/div>\n\t\t\t\t<\/div>\n\t\t<div class=\"elementor-element elementor-element-5b15c5c e-con-full e-flex e-con e-child\" data-id=\"5b15c5c\" data-element_type=\"container\" data-e-type=\"container\" data-settings=\"{&quot;jet_parallax_layout_list&quot;:[]}\">\n\t\t<div class=\"elementor-element elementor-element-774f9fa e-con-full e-flex e-con e-child\" data-id=\"774f9fa\" data-element_type=\"container\" data-e-type=\"container\" data-settings=\"{&quot;jet_parallax_layout_list&quot;:[]}\">\n\t\t\t\t<div class=\"elementor-element elementor-element-f7cda9b dce_masking-none elementor-widget elementor-widget-image\" data-id=\"f7cda9b\" data-element_type=\"widget\" data-e-type=\"widget\" data-widget_type=\"image.default\">\n\t\t\t\t<div class=\"elementor-widget-container\">\n\t\t\t\t\t\t\t\t\t\t\t\t\t\t\t<img decoding=\"async\" src=\"https:\/\/opendoorcarenetwork.org\/wp-content\/uploads\/2025\/10\/ODCN-Holiday-Toy-Drive-logo-scaled.png\" title=\"\" alt=\"\" loading=\"lazy\" \/>\t\t\t\t\t\t\t\t\t\t\t\t\t\t\t<\/div>\n\t\t\t\t<\/div>\n\t\t\t\t<\/div>\n\t\t<div class=\"elementor-element elementor-element-76f969e e-con-full e-flex e-con e-child\" data-id=\"76f969e\" data-element_type=\"container\" data-e-type=\"container\" data-settings=\"{&quot;jet_parallax_layout_list&quot;:[]}\">\n\t\t\t\t<div class=\"elementor-element elementor-element-c6a3e08 elementor-widget elementor-widget-text-editor\" data-id=\"c6a3e08\" data-element_type=\"widget\" data-e-type=\"widget\" data-widget_type=\"text-editor.default\">\n\t\t\t\t<div class=\"elementor-widget-container\">\n\t\t\t\t\t\t\t\t\t<p><i data-olk-copy-source=\"MessageBody\">Este a\u00f1o, distribuiremos m\u00e1s de 3000 juguetes y tarjetas de regalos (valoradas en $20 cada una) a ni\u00f1os desde reci\u00e9n nacidos hasta los 14 a\u00f1os. Consulta nuestra Lista de Deseos en Amazon para ver qu\u00e9 m\u00e1s necesitamos m\u00e1s.<\/i><\/p><p><i>\u00a1Ayuda a que las fiestas sean m\u00e1gicas para los ni\u00f1os de Open Door!<\/i><i><\/i><\/p>\t\t\t\t\t\t\t\t<\/div>\n\t\t\t\t<\/div>\n\t\t\t\t<\/div>\n\t\t\t\t<\/div>\n\t\t\t\t<div class=\"elementor-element elementor-element-dedfc69 elementor-widget elementor-widget-text-editor\" data-id=\"dedfc69\" data-element_type=\"widget\" data-e-type=\"widget\" data-widget_type=\"text-editor.default\">\n\t\t\t\t<div class=\"elementor-widget-container\">\n\t\t\t\t\t\t\t\t\t<p><b><i>\u00bfNo tienes tiempo para comprar?<\/i><\/b><\/p><p><i>\u00danete a nuestra colecta virtual de juguetes, visite nuestra Lista de Deseos de Amazon o done su dinero y nosotros compraremos por ti.<\/i><\/p><p class=\"elementToProof\">O env\u00ede cheques a nombre de Open Door Foundation a:<\/p><p class=\"elementToProof\">ATTN: Elisabeth Gilbert<\/p><p class=\"elementToProof\">Open Door Care Network<\/p><p class=\"elementToProof\">560 White Plains Road, Suite 200<\/p><p class=\"elementToProof\">Tarrytown, NY 10591<\/p><p class=\"elementToProof\">Para m\u00e1s formas de participar en nuestros eventos festivos, \u00fanase a nuestros eventos a trav\u00e9s de VolunteerLocal.com.\u00a0 Voluntarios pueden inscribirse en las siguientes oportunidades navide\u00f1as a trav\u00e9s de nuestra p\u00e1gina web:<\/p><p class=\"elementToProof\">\u2013 <b>Organizar una colecta de juguetes<\/b>: Con\u00e9ctese con sus amigos, compa\u00f1eros de clase, vecinos o compa\u00f1eros de trabajo para recolectar juguetes para los ni\u00f1os.<\/p><p class=\"elementToProof\">\u2013 <b>Duendes de Santa<\/b>: Ayude a organizar y distribuir regalos a los ni\u00f1os. Hay muchas vacantes disponibles en cada uno de nuestros seis D\u00edas de Santa en diciembre.<\/p><p class=\"elementToProof\">\u2013 <b>Recolecci\u00f3n de juguetes<\/b>: Ayude a Open Door a colectar las donaciones de juguetes de nuestros colaboradores comunitarios.<\/p><p class=\"elementToProof\">Para obtener m\u00e1s informaci\u00f3n sobre cualquiera de las donaciones navide\u00f1as mencionadas, comun\u00edquese con el Departamento de Festividades al 914-606-1858 o escriba a <a class=\"ms-outlook-linkify\" href=\"mailto:holiday@odfmc.org\">holiday@odfmc.org<\/a>.<\/p><ul><li><a href=\"https:\/\/opendoorcarenetwork.org\/wp-content\/uploads\/2025\/10\/Tool-Kit-2025-1.pdf\">Holiday Toolkit<\/a><\/li><li><a href=\"https:\/\/opendoorcarenetwork.org\/wp-content\/uploads\/2025\/10\/Toy-Drive-Wish-List-Flyer.pdf\"><span data-contrast=\"none\">Toy Drive Wish List Flyer<\/span><\/a><\/li><li><a href=\"https:\/\/opendoorcarenetwork.org\/wp-content\/uploads\/2025\/10\/Toy-Drive-Flyer-2025-v4.pdf\"><span data-contrast=\"none\">Toy Drive Flyer 2025<\/span><\/a><\/li><li><a href=\"https:\/\/opendoorcarenetwork.org\/wp-content\/uploads\/2025\/10\/Vertical-Toy-Drop-Sign-2025.pdf\"><span data-contrast=\"none\">Vertical Toy Drop Sign 2025<\/span><\/a><\/li><li><a href=\"https:\/\/opendoorcarenetwork.org\/wp-content\/uploads\/2025\/10\/Horizontal-toy-drop-sign-2025.pdf\"><span data-contrast=\"none\">Horizontal Toy Drop Sign 2025<\/span><\/a><\/li><li><a href=\"https:\/\/opendoorcarenetwork.org\/wp-content\/uploads\/2025\/10\/ODCN-Holiday-Toy-Drive-logo-1-scaled.png\"><span data-contrast=\"none\">Holiday Toy Drive Logo<\/span><\/a><\/li><\/ul>\t\t\t\t\t\t\t\t<\/div>\n\t\t\t\t<\/div>\n\t\t\t\t\t<\/div>\n\t\t\t\t<\/div>\n\t\t\t\t<\/div>\n\t\t\t\t\t<\/div>\n\t\t\t\t<\/div>\n\t\t\t\t<\/div>\n\t\t","protected":false},"excerpt":{"rendered":"<p>La Colecta Anual de Juguetes de Open Door Give a gift to an Open Door child this holiday season! For many children, this may be the only present they receive. Este a\u00f1o, distribuiremos m\u00e1s de 3000 juguetes y tarjetas de regalos (valoradas en $20 cada una) a ni\u00f1os desde reci\u00e9n nacidos hasta los 14 a\u00f1os. [&hellip;]<\/p>\n","protected":false},"author":5,"featured_media":0,"parent":0,"menu_order":0,"comment_status":"closed","ping_status":"closed","template":"","meta":{"_acf_changed":false,"footnotes":""},"class_list":["post-2384","page","type-page","status-publish","hentry"],"acf":[],"_links":{"self":[{"href":"https:\/\/opendoorcarenetwork.org\/es\/wp-json\/wp\/v2\/pages\/2384","targetHints":{"allow":["GET"]}}],"collection":[{"href":"https:\/\/opendoorcarenetwork.org\/es\/wp-json\/wp\/v2\/pages"}],"about":[{"href":"https:\/\/opendoorcarenetwork.org\/es\/wp-json\/wp\/v2\/types\/page"}],"author":[{"embeddable":true,"href":"https:\/\/opendoorcarenetwork.org\/es\/wp-json\/wp\/v2\/users\/5"}],"replies":[{"embeddable":true,"href":"https:\/\/opendoorcarenetwork.org\/es\/wp-json\/wp\/v2\/comments?post=2384"}],"version-history":[{"count":0,"href":"https:\/\/opendoorcarenetwork.org\/es\/wp-json\/wp\/v2\/pages\/2384\/revisions"}],"wp:attachment":[{"href":"https:\/\/opendoorcarenetwork.org\/es\/wp-json\/wp\/v2\/media?parent=2384"}],"curies":[{"name":"wp","href":"https:\/\/api.w.org\/{rel}","templated":true}]}}