{"id":2128,"date":"2024-04-05T10:36:51","date_gmt":"2024-04-05T14:36:51","guid":{"rendered":"https:\/\/opendr2024dev.wpenginepowered.com\/que-hacemos\/prevencion-y-bienestar\/wic\/"},"modified":"2025-04-22T23:40:22","modified_gmt":"2025-04-23T03:40:22","slug":"wic","status":"publish","type":"page","link":"https:\/\/opendoorcarenetwork.org\/es\/que-hacemos\/prevencion-y-bienestar\/wic\/","title":{"rendered":"WIC"},"content":{"rendered":"\t\t<div data-elementor-type=\"wp-page\" data-elementor-id=\"2128\" class=\"elementor elementor-2128 elementor-59\" data-elementor-post-type=\"page\">\n\t\t\t\t<div data-dce-background-image-url=\"https:\/\/opendoorcarenetwork.org\/wp-content\/uploads\/2024\/04\/prevention-wellness-wic-header.jpg\" class=\"elementor-element elementor-element-2d21bfd e-con-full e-flex e-con e-parent\" data-id=\"2d21bfd\" data-element_type=\"container\" data-e-type=\"container\" data-settings=\"{&quot;background_background&quot;:&quot;classic&quot;,&quot;jet_parallax_layout_list&quot;:[]}\">\n\t\t<div data-dce-background-color=\"#007ABC\" class=\"elementor-element elementor-element-73074942 e-flex e-con-boxed e-con e-child\" data-id=\"73074942\" data-element_type=\"container\" data-e-type=\"container\" data-settings=\"{&quot;background_background&quot;:&quot;gradient&quot;,&quot;jet_parallax_layout_list&quot;:[]}\">\n\t\t\t\t\t<div class=\"e-con-inner\">\n\t\t<div class=\"elementor-element elementor-element-29a5c88b e-con-full e-flex e-con e-child\" data-id=\"29a5c88b\" data-element_type=\"container\" data-e-type=\"container\" data-settings=\"{&quot;jet_parallax_layout_list&quot;:[]}\">\n\t\t\t\t<div data-dce-title-color=\"#FFFFFF\" class=\"elementor-element elementor-element-48b29f6c elementor-widget__width-initial elementor-widget-tablet__width-inherit elementor-widget elementor-widget-heading\" data-id=\"48b29f6c\" data-element_type=\"widget\" data-e-type=\"widget\" data-widget_type=\"heading.default\">\n\t\t\t\t<div class=\"elementor-widget-container\">\n\t\t\t\t\t<h1 class=\"elementor-heading-title elementor-size-default\">WIC<\/h1>\t\t\t\t<\/div>\n\t\t\t\t<\/div>\n\t\t\t\t<\/div>\n\t\t\t\t\t<\/div>\n\t\t\t\t<\/div>\n\t\t\t\t<\/div>\n\t\t<div class=\"elementor-element elementor-element-4bb75e75 e-flex e-con-boxed e-con e-parent\" data-id=\"4bb75e75\" data-element_type=\"container\" data-e-type=\"container\" data-settings=\"{&quot;jet_parallax_layout_list&quot;:[]}\">\n\t\t\t\t\t<div class=\"e-con-inner\">\n\t\t<div class=\"elementor-element elementor-element-3f937f75 e-flex e-con-boxed e-con e-child\" data-id=\"3f937f75\" data-element_type=\"container\" data-e-type=\"container\" data-settings=\"{&quot;jet_parallax_layout_list&quot;:[]}\">\n\t\t\t\t\t<div class=\"e-con-inner\">\n\t\t\t\t<div class=\"elementor-element elementor-element-6646f5b9 jet-breadcrumbs-on-front-yes jet-breadcrumbs-page-title-yes elementor-widget elementor-widget-jet-breadcrumbs\" data-id=\"6646f5b9\" data-element_type=\"widget\" data-e-type=\"widget\" data-widget_type=\"jet-breadcrumbs.default\">\n\t\t\t\t<div class=\"elementor-widget-container\">\n\t\t\t\t\t<div class=\"elementor-jet-breadcrumbs jet-blocks\">\n\t\t<div class=\"jet-breadcrumbs\">\n\t\t<div class=\"jet-breadcrumbs__content\">\n\t\t<div class=\"jet-breadcrumbs__wrap\"><div class=\"jet-breadcrumbs__item\"><a href=\"https:\/\/opendoorcarenetwork.org\/es\/\" class=\"jet-breadcrumbs__item-link is-home\" rel=\"home\" title=\"P\u00e1gina de inicio\">P\u00e1gina de inicio<\/a><\/div>\n\t\t<\/div>\n\t\t<\/div>\n\t\t<\/div><\/div>\t\t\t\t<\/div>\n\t\t\t\t<\/div>\n\t\t\t\t\t<\/div>\n\t\t\t\t<\/div>\n\t\t\t\t\t<\/div>\n\t\t\t\t<\/div>\n\t\t<div class=\"elementor-element elementor-element-45b28c99 e-flex e-con-boxed e-con e-parent\" data-id=\"45b28c99\" data-element_type=\"container\" data-e-type=\"container\" data-settings=\"{&quot;jet_parallax_layout_list&quot;:[]}\">\n\t\t\t\t\t<div class=\"e-con-inner\">\n\t\t<div class=\"elementor-element elementor-element-788ce7c9 e-con-full e-flex e-con e-child\" data-id=\"788ce7c9\" data-element_type=\"container\" data-e-type=\"container\" data-settings=\"{&quot;jet_parallax_layout_list&quot;:[]}\">\n\t\t\t\t<div class=\"elementor-element elementor-element-4b99c774 elementor-widget elementor-widget-text-editor\" data-id=\"4b99c774\" data-element_type=\"widget\" data-e-type=\"widget\" data-widget_type=\"text-editor.default\">\n\t\t\t\t<div class=\"elementor-widget-container\">\n\t\t\t\t\t\t\t\t\t<p>Para calificar para el programa WIC, usted debe:\n<\/p><ul>\n \t<li>Ser una mujer embarazada de cualquier edad<\/li>\n \t<li>Tener un beb\u00e9 o un ni\u00f1o menor de cinco a\u00f1os de edad<\/li>\n \t<li>Ser una madre de un beb\u00e9 que tiene hasta seis meses de edad; o,<\/li>\n \t<li>Ser una madre dando de lactar a un beb\u00e9 que tiene hasta 12 meses de edad<\/li>\n \t<li>Ser residente del estado de Nueva York<\/li>\n \t<li>Cumplir con los requisitos de ingreso; o, estar recibiendo beneficios de Medicaid, estampillas de comida o Asistencia Temporal para Familias Necesitadas (TANF)<\/li>\n \t<li>Ser evaluada por un especialista en nutrici\u00f3n del programa WIC para las necesidades nutricionales<\/li>\n<\/ul>\n<p>Nota: Usted no necesita ser ciudadana estadounidense.<\/p>\t\t\t\t\t\t\t\t<\/div>\n\t\t\t\t<\/div>\n\t\t\t\t<\/div>\n\t\t\t\t\t<\/div>\n\t\t\t\t<\/div>\n\t\t<div class=\"elementor-element elementor-element-7295e23d e-flex e-con-boxed e-con e-parent\" data-id=\"7295e23d\" data-element_type=\"container\" data-e-type=\"container\" data-settings=\"{&quot;jet_parallax_layout_list&quot;:[]}\">\n\t\t\t\t\t<div class=\"e-con-inner\">\n\t\t<div class=\"elementor-element elementor-element-431e3db9 e-flex e-con-boxed e-con e-child\" data-id=\"431e3db9\" data-element_type=\"container\" data-e-type=\"container\" data-settings=\"{&quot;background_background&quot;:&quot;classic&quot;,&quot;jet_parallax_layout_list&quot;:[]}\">\n\t\t\t\t\t<div class=\"e-con-inner\">\n\t\t\t\t<div class=\"elementor-element elementor-element-53be2ce8 elementor-widget elementor-widget-spacer\" data-id=\"53be2ce8\" data-element_type=\"widget\" data-e-type=\"widget\" data-widget_type=\"spacer.default\">\n\t\t\t\t<div class=\"elementor-widget-container\">\n\t\t\t\t\t\t\t<div class=\"elementor-spacer\">\n\t\t\t<div class=\"elementor-spacer-inner\"><\/div>\n\t\t<\/div>\n\t\t\t\t\t\t<\/div>\n\t\t\t\t<\/div>\n\t\t\t\t\t<\/div>\n\t\t\t\t<\/div>\n\t\t\t\t\t<\/div>\n\t\t\t\t<\/div>\n\t\t<div class=\"elementor-element elementor-element-5da98e98 e-flex e-con-boxed e-con e-parent\" data-id=\"5da98e98\" data-element_type=\"container\" data-e-type=\"container\" data-settings=\"{&quot;jet_parallax_layout_list&quot;:[]}\">\n\t\t\t\t\t<div class=\"e-con-inner\">\n\t\t<div class=\"elementor-element elementor-element-740515e8 e-con-full e-flex e-con e-child\" data-id=\"740515e8\" data-element_type=\"container\" data-e-type=\"container\" data-settings=\"{&quot;jet_parallax_layout_list&quot;:[]}\">\n\t\t<div class=\"elementor-element elementor-element-4e6d6e1c e-con-full e-flex e-con e-child\" data-id=\"4e6d6e1c\" data-element_type=\"container\" data-e-type=\"container\" data-settings=\"{&quot;jet_parallax_layout_list&quot;:[]}\">\n\t\t\t\t<div class=\"elementor-element elementor-element-5cd171a elementor-widget elementor-widget-heading\" data-id=\"5cd171a\" data-element_type=\"widget\" data-e-type=\"widget\" data-widget_type=\"heading.default\">\n\t\t\t\t<div class=\"elementor-widget-container\">\n\t\t\t\t\t<h2 class=\"elementor-heading-title elementor-size-default\">Acerca de WIC<\/h2>\t\t\t\t<\/div>\n\t\t\t\t<\/div>\n\t\t\t\t<div class=\"elementor-element elementor-element-2d56cd8d elementor-widget elementor-widget-text-editor\" data-id=\"2d56cd8d\" data-element_type=\"widget\" data-e-type=\"widget\" data-widget_type=\"text-editor.default\">\n\t\t\t\t<div class=\"elementor-widget-container\">\n\t\t\t\t\t\t\t\t\t<p>El programa WIC tiene como objetivo salvaguardar la salud de las mujeres con bajos ingresos, los beb\u00e9s y los ni\u00f1os de hasta 5 a\u00f1os de edad que se encuentran en riesgo nutricional, proporcionando alimentos nutritivos para complementar las dietas, informaci\u00f3n sobre alimentaci\u00f3n saludable y derivaciones a la atenci\u00f3n de salud.<\/p>\t\t\t\t\t\t\t\t<\/div>\n\t\t\t\t<\/div>\n\t\t\t\t<div class=\"elementor-element elementor-element-76ab606 elementor-widget elementor-widget-text-editor\" data-id=\"76ab606\" data-element_type=\"widget\" data-e-type=\"widget\" data-widget_type=\"text-editor.default\">\n\t\t\t\t<div class=\"elementor-widget-container\">\n\t\t\t\t\t\t\t\t\t<p><a style=\"font-family: var( --e-global-typography-text-font-family ), Sans-serif; font-weight: var( --e-global-typography-text-font-weight ); text-align: var(--text-align); background-color: #ffffff; font-size: 1rem;\" href=\"https:\/\/opendoorcarenetwork.org\/wp-content\/uploads\/2024\/04\/USDA-NDS-and-NYS-Complaint-Info_ENG-5.pdf\" target=\"_blank\" rel=\"noopener\">Declaraci\u00f3n de no discriminaci\u00f3n del USDA e informaci\u00f3n de quejas de NYS WIC<\/a><\/p>\t\t\t\t\t\t\t\t<\/div>\n\t\t\t\t<\/div>\n\t\t\t\t<\/div>\n\t\t<div class=\"elementor-element elementor-element-46d34a3d e-con-full e-flex e-con e-child\" data-id=\"46d34a3d\" data-element_type=\"container\" data-e-type=\"container\" data-settings=\"{&quot;jet_parallax_layout_list&quot;:[]}\">\n\t\t\t\t<div class=\"elementor-element elementor-element-6040b839 dce_masking-none elementor-widget elementor-widget-image\" data-id=\"6040b839\" data-element_type=\"widget\" data-e-type=\"widget\" data-widget_type=\"image.default\">\n\t\t\t\t<div class=\"elementor-widget-container\">\n\t\t\t\t\t\t\t\t\t\t\t\t\t\t\t<img fetchpriority=\"high\" decoding=\"async\" width=\"672\" height=\"672\" src=\"https:\/\/opendoorcarenetwork.org\/wp-content\/uploads\/2024\/05\/prevention-wellness-wic-01.jpg\" class=\"attachment-large size-large wp-image-1341\" alt=\"\" srcset=\"https:\/\/opendoorcarenetwork.org\/wp-content\/uploads\/2024\/05\/prevention-wellness-wic-01.jpg 672w, https:\/\/opendoorcarenetwork.org\/wp-content\/uploads\/2024\/05\/prevention-wellness-wic-01-300x300.jpg 300w, https:\/\/opendoorcarenetwork.org\/wp-content\/uploads\/2024\/05\/prevention-wellness-wic-01-150x150.jpg 150w\" sizes=\"(max-width: 672px) 100vw, 672px\" \/>\t\t\t\t\t\t\t\t\t\t\t\t\t\t\t<\/div>\n\t\t\t\t<\/div>\n\t\t\t\t<\/div>\n\t\t\t\t<\/div>\n\t\t\t\t\t<\/div>\n\t\t\t\t<\/div>\n\t\t<div class=\"elementor-element elementor-element-d6e428 e-flex e-con-boxed e-con e-parent\" data-id=\"d6e428\" data-element_type=\"container\" data-e-type=\"container\" data-settings=\"{&quot;jet_parallax_layout_list&quot;:[]}\">\n\t\t\t\t\t<div class=\"e-con-inner\">\n\t\t<div class=\"elementor-element elementor-element-7e7a63c8 e-flex e-con-boxed e-con e-child\" data-id=\"7e7a63c8\" data-element_type=\"container\" data-e-type=\"container\" data-settings=\"{&quot;background_background&quot;:&quot;classic&quot;,&quot;jet_parallax_layout_list&quot;:[]}\">\n\t\t\t\t\t<div class=\"e-con-inner\">\n\t\t\t\t<div class=\"elementor-element elementor-element-1bbc7a91 elementor-widget elementor-widget-spacer\" data-id=\"1bbc7a91\" data-element_type=\"widget\" data-e-type=\"widget\" data-widget_type=\"spacer.default\">\n\t\t\t\t<div class=\"elementor-widget-container\">\n\t\t\t\t\t\t\t<div class=\"elementor-spacer\">\n\t\t\t<div class=\"elementor-spacer-inner\"><\/div>\n\t\t<\/div>\n\t\t\t\t\t\t<\/div>\n\t\t\t\t<\/div>\n\t\t\t\t\t<\/div>\n\t\t\t\t<\/div>\n\t\t\t\t\t<\/div>\n\t\t\t\t<\/div>\n\t\t<div class=\"elementor-element elementor-element-602666e5 e-flex e-con-boxed e-con e-parent\" data-id=\"602666e5\" data-element_type=\"container\" data-e-type=\"container\" data-settings=\"{&quot;jet_parallax_layout_list&quot;:[]}\">\n\t\t\t\t\t<div class=\"e-con-inner\">\n\t\t<div class=\"elementor-element elementor-element-502d8881 e-con-full e-flex e-con e-child\" data-id=\"502d8881\" data-element_type=\"container\" data-e-type=\"container\" data-settings=\"{&quot;jet_parallax_layout_list&quot;:[]}\">\n\t\t<div class=\"elementor-element elementor-element-158f48a5 e-con-full e-flex e-con e-child\" data-id=\"158f48a5\" data-element_type=\"container\" data-e-type=\"container\" data-settings=\"{&quot;jet_parallax_layout_list&quot;:[]}\">\n\t\t\t\t<div class=\"elementor-element elementor-element-50e3a95f elementor-widget elementor-widget-heading\" data-id=\"50e3a95f\" data-element_type=\"widget\" data-e-type=\"widget\" data-widget_type=\"heading.default\">\n\t\t\t\t<div class=\"elementor-widget-container\">\n\t\t\t\t\t<h2 class=\"elementor-heading-title elementor-size-default\">Llame a un especialista de WIC para empezar.<\/h2>\t\t\t\t<\/div>\n\t\t\t\t<\/div>\n\t\t\t\t<\/div>\n\t\t<div class=\"elementor-element elementor-element-7ddf281 e-con-full e-flex e-con e-child\" data-id=\"7ddf281\" data-element_type=\"container\" data-e-type=\"container\" data-settings=\"{&quot;jet_parallax_layout_list&quot;:[]}\">\n\t\t\t\t<\/div>\n\t\t\t\t<\/div>\n\t\t<div class=\"elementor-element elementor-element-f969196 e-con-full e-flex e-con e-child\" data-id=\"f969196\" data-element_type=\"container\" data-e-type=\"container\" data-settings=\"{&quot;jet_parallax_layout_list&quot;:[]}\">\n\t\t<div class=\"elementor-element elementor-element-4f998bb e-con-full e-flex e-con e-child\" data-id=\"4f998bb\" data-element_type=\"container\" data-e-type=\"container\" data-settings=\"{&quot;jet_parallax_layout_list&quot;:[]}\">\n\t\t\t\t<div class=\"elementor-element elementor-element-2baf137 elementor-widget elementor-widget-text-editor\" data-id=\"2baf137\" data-element_type=\"widget\" data-e-type=\"widget\" data-widget_type=\"text-editor.default\">\n\t\t\t\t<div class=\"elementor-widget-container\">\n\t\t\t\t\t\t\t\t\t<p><strong>Open Door Ossining<\/strong><br \/>165 Main Street, 1er Piso<br \/>Ossining, NY 10562<br \/>ph: <a href=\"tel:914-502-1310\">(914) 502-1310<\/a><br \/>fx: (914) 941-0055<\/p><p>lunes: 9:30 AM \u2013 6:00 PM<br \/>martes: 8:30 AM \u2013 5:00 PM<br \/>mi\u00e9rcoles: 10:30 AM \u2013 7:00 PM<br \/>jueves 8:30 AM \u2013 5:00 PM<br \/>viernes: 8:30 AM \u2013 5:00 PM<br \/>2\u00ba s\u00e1bado del mes solamente: 8:30 AM \u2013 1:00 PM<\/p><p><strong>Open Door Sleepy Hollow<\/strong><br \/>300 North Broadway<br \/>Sleepy Hollow, NY 10591<br \/>ph: <a href=\"tel:914-406-8150\">(914) 406-8150<\/a><br \/>fx: (914) 333-5628<\/p><p>lunes: 9:30 AM \u2013 6:00 PM <br \/>martes: 8:30 AM \u2013 5:00 PM <br \/>mi\u00e9rcoles: 10:30 AM \u2013 7:00 PM <br \/>jueves 8:30 AM \u2013 5:00 PM <br \/>viernes: 8:30 AM \u2013 5:00 PM <br \/>s\u00e1bado: Cerrado<\/p>\t\t\t\t\t\t\t\t<\/div>\n\t\t\t\t<\/div>\n\t\t\t\t<\/div>\n\t\t<div class=\"elementor-element elementor-element-d24f164 e-con-full e-flex e-con e-child\" data-id=\"d24f164\" data-element_type=\"container\" data-e-type=\"container\" data-settings=\"{&quot;jet_parallax_layout_list&quot;:[]}\">\n\t\t\t\t<div class=\"elementor-element elementor-element-2ec2992 elementor-widget elementor-widget-text-editor\" data-id=\"2ec2992\" data-element_type=\"widget\" data-e-type=\"widget\" data-widget_type=\"text-editor.default\">\n\t\t\t\t<div class=\"elementor-widget-container\">\n\t\t\t\t\t\t\t\t\t<p><strong>Open Door Mount Kisco<\/strong><br \/>344 E. Main Street, Sala 105<br \/>Mount Kisco, NY 10549<br \/>ph: <a href=\"tel:914-269-0784\">(914) 269-0784<\/a><br \/>fx: (914) 241-0341<\/p><p>lunes: 8:30 AM \u2013 5:00 PM<br \/>martes: 8:30 AM \u2013 5:00 PM<br \/>mi\u00e9rcoles: 10:30 AM \u2013 7:00 PM<br \/>jueves 8:30 AM \u2013 5:00 PM<br \/>viernes: 8:30 AM \u2013 5:00 PM<br \/>s\u00e1bado: Cerrado<\/p><p><strong>Open Door Brewster<\/strong><br \/>155 Main Street, Planta Baja<br \/>Brewster, NY 10509<br \/>ph: <a href=\"tel:845-207-5432\">(845) 207-5432<\/a><br \/>fx: (845) 207-5443<\/p><p>lunes: 8:30 AM \u2013 5:00 PM<br \/>martes: 8:30 AM \u2013 5:00 PM<br \/>mi\u00e9rcoles: 10:30 AM \u2013 7:00 PM<br \/>jueves 8:30 AM \u2013 5:00 PM<br \/>viernes: 8:30 AM \u2013 5:00 PM<br \/>2\u00ba s\u00e1bado del mes solamente: 8:30 AM \u2013 1:00 PM<\/p>\t\t\t\t\t\t\t\t<\/div>\n\t\t\t\t<\/div>\n\t\t\t\t<\/div>\n\t\t\t\t<\/div>\n\t\t\t\t\t<\/div>\n\t\t\t\t<\/div>\n\t\t\t\t<\/div>\n\t\t","protected":false},"excerpt":{"rendered":"<p>WIC P\u00e1gina de inicio Para calificar para el programa WIC, usted debe: Ser una mujer embarazada de cualquier edad Tener un beb\u00e9 o un ni\u00f1o menor de cinco a\u00f1os de edad Ser una madre de un beb\u00e9 que tiene hasta seis meses de edad; o, Ser una madre dando de lactar a un beb\u00e9 que [&hellip;]<\/p>\n","protected":false},"author":2,"featured_media":1109,"parent":2127,"menu_order":0,"comment_status":"closed","ping_status":"closed","template":"","meta":{"_acf_changed":false,"footnotes":""},"class_list":["post-2128","page","type-page","status-publish","has-post-thumbnail","hentry"],"acf":[],"_links":{"self":[{"href":"https:\/\/opendoorcarenetwork.org\/es\/wp-json\/wp\/v2\/pages\/2128","targetHints":{"allow":["GET"]}}],"collection":[{"href":"https:\/\/opendoorcarenetwork.org\/es\/wp-json\/wp\/v2\/pages"}],"about":[{"href":"https:\/\/opendoorcarenetwork.org\/es\/wp-json\/wp\/v2\/types\/page"}],"author":[{"embeddable":true,"href":"https:\/\/opendoorcarenetwork.org\/es\/wp-json\/wp\/v2\/users\/2"}],"replies":[{"embeddable":true,"href":"https:\/\/opendoorcarenetwork.org\/es\/wp-json\/wp\/v2\/comments?post=2128"}],"version-history":[{"count":0,"href":"https:\/\/opendoorcarenetwork.org\/es\/wp-json\/wp\/v2\/pages\/2128\/revisions"}],"up":[{"embeddable":true,"href":"https:\/\/opendoorcarenetwork.org\/es\/wp-json\/wp\/v2\/pages\/2127"}],"wp:featuredmedia":[{"embeddable":true,"href":"https:\/\/opendoorcarenetwork.org\/es\/wp-json\/wp\/v2\/media\/1109"}],"wp:attachment":[{"href":"https:\/\/opendoorcarenetwork.org\/es\/wp-json\/wp\/v2\/media?parent=2128"}],"curies":[{"name":"wp","href":"https:\/\/api.w.org\/{rel}","templated":true}]}}