{"id":2102,"date":"2024-04-05T10:45:37","date_gmt":"2024-04-05T14:45:37","guid":{"rendered":"https:\/\/opendr2024dev.wpenginepowered.com\/recursos-para-pacientes\/covid-19\/"},"modified":"2025-07-09T15:32:32","modified_gmt":"2025-07-09T19:32:32","slug":"covid-19","status":"publish","type":"page","link":"https:\/\/opendoorcarenetwork.org\/es\/recursos-para-pacientes\/covid-19\/","title":{"rendered":"COVID-19"},"content":{"rendered":"\t\t<div data-elementor-type=\"wp-page\" data-elementor-id=\"2102\" class=\"elementor elementor-2102 elementor-77\" data-elementor-post-type=\"page\">\n\t\t\t\t<div class=\"elementor-element elementor-element-346c2b30 e-con-full e-flex e-con e-parent\" data-id=\"346c2b30\" data-element_type=\"container\" data-e-type=\"container\" data-settings=\"{&quot;background_background&quot;:&quot;classic&quot;,&quot;jet_parallax_layout_list&quot;:[]}\">\n\t\t<div data-dce-background-color=\"#007ABC\" class=\"elementor-element elementor-element-1b22573 e-flex e-con-boxed e-con e-child\" data-id=\"1b22573\" data-element_type=\"container\" data-e-type=\"container\" data-settings=\"{&quot;background_background&quot;:&quot;gradient&quot;,&quot;jet_parallax_layout_list&quot;:[]}\">\n\t\t\t\t\t<div class=\"e-con-inner\">\n\t\t<div class=\"elementor-element elementor-element-851df95 e-con-full e-flex e-con e-child\" data-id=\"851df95\" data-element_type=\"container\" data-e-type=\"container\" data-settings=\"{&quot;jet_parallax_layout_list&quot;:[]}\">\n\t\t\t\t<div class=\"elementor-element elementor-element-535836ba elementor-widget elementor-widget-heading\" data-id=\"535836ba\" data-element_type=\"widget\" data-e-type=\"widget\" data-widget_type=\"heading.default\">\n\t\t\t\t<div class=\"elementor-widget-container\">\n\t\t\t\t\t<h1 class=\"elementor-heading-title elementor-size-default\">COVID-19<\/h1>\t\t\t\t<\/div>\n\t\t\t\t<\/div>\n\t\t\t\t<\/div>\n\t\t\t\t\t<\/div>\n\t\t\t\t<\/div>\n\t\t\t\t<\/div>\n\t\t<div class=\"elementor-element elementor-element-6e7ff982 e-flex e-con-boxed e-con e-parent\" data-id=\"6e7ff982\" data-element_type=\"container\" data-e-type=\"container\" data-settings=\"{&quot;jet_parallax_layout_list&quot;:[]}\">\n\t\t\t\t\t<div class=\"e-con-inner\">\n\t\t<div class=\"elementor-element elementor-element-2c4f2126 e-flex e-con-boxed e-con e-child\" data-id=\"2c4f2126\" data-element_type=\"container\" data-e-type=\"container\" data-settings=\"{&quot;jet_parallax_layout_list&quot;:[]}\">\n\t\t\t\t\t<div class=\"e-con-inner\">\n\t\t\t\t<div class=\"elementor-element elementor-element-17fb5c4f jet-breadcrumbs-on-front-yes jet-breadcrumbs-page-title-yes elementor-widget elementor-widget-jet-breadcrumbs\" data-id=\"17fb5c4f\" data-element_type=\"widget\" data-e-type=\"widget\" data-widget_type=\"jet-breadcrumbs.default\">\n\t\t\t\t<div class=\"elementor-widget-container\">\n\t\t\t\t\t<div class=\"elementor-jet-breadcrumbs jet-blocks\">\n\t\t<div class=\"jet-breadcrumbs\">\n\t\t<div class=\"jet-breadcrumbs__content\">\n\t\t<div class=\"jet-breadcrumbs__wrap\"><div class=\"jet-breadcrumbs__item\"><a href=\"https:\/\/opendoorcarenetwork.org\/es\/\" class=\"jet-breadcrumbs__item-link is-home\" rel=\"home\" title=\"P\u00e1gina de inicio\">P\u00e1gina de inicio<\/a><\/div>\n\t\t<\/div>\n\t\t<\/div>\n\t\t<\/div><\/div>\t\t\t\t<\/div>\n\t\t\t\t<\/div>\n\t\t\t\t\t<\/div>\n\t\t\t\t<\/div>\n\t\t\t\t\t<\/div>\n\t\t\t\t<\/div>\n\t\t<div class=\"elementor-element elementor-element-76e6e47f e-flex e-con-boxed e-con e-parent\" data-id=\"76e6e47f\" data-element_type=\"container\" data-e-type=\"container\" data-settings=\"{&quot;jet_parallax_layout_list&quot;:[]}\">\n\t\t\t\t\t<div class=\"e-con-inner\">\n\t\t<div class=\"elementor-element elementor-element-28a6f6ff e-con-full e-flex e-con e-child\" data-id=\"28a6f6ff\" data-element_type=\"container\" data-e-type=\"container\" data-settings=\"{&quot;jet_parallax_layout_list&quot;:[]}\">\n\t\t\t\t<div class=\"elementor-element elementor-element-3cb427f0 elementor-widget elementor-widget-text-editor\" data-id=\"3cb427f0\" data-element_type=\"widget\" data-e-type=\"widget\" data-widget_type=\"text-editor.default\">\n\t\t\t\t<div class=\"elementor-widget-container\">\n\t\t\t\t\t\t\t\t\t<p>Vacunarse sigue siendo la forma m\u00e1s eficaz de reducir el riesgo de sufrir complicaciones graves -incluso la muerte- a causa de una infecci\u00f3n por COVID-19. Open Door est\u00e1 ofreciendo vacunas Pfizer y Moderna en todos nuestros centros con cita previa. <\/p>\t\t\t\t\t\t\t\t<\/div>\n\t\t\t\t<\/div>\n\t\t\t\t<\/div>\n\t\t\t\t\t<\/div>\n\t\t\t\t<\/div>\n\t\t<div class=\"elementor-element elementor-element-5b7ded6 e-flex e-con-boxed e-con e-parent\" data-id=\"5b7ded6\" data-element_type=\"container\" data-e-type=\"container\" data-settings=\"{&quot;jet_parallax_layout_list&quot;:[]}\">\n\t\t\t\t\t<div class=\"e-con-inner\">\n\t\t<div class=\"elementor-element elementor-element-df37d3d e-con-full e-flex e-con e-child\" data-id=\"df37d3d\" data-element_type=\"container\" data-e-type=\"container\" data-settings=\"{&quot;jet_parallax_layout_list&quot;:[]}\">\n\t\t\t\t<div class=\"elementor-element elementor-element-4c584ba elementor-widget elementor-widget-heading\" data-id=\"4c584ba\" data-element_type=\"widget\" data-e-type=\"widget\" data-widget_type=\"heading.default\">\n\t\t\t\t<div class=\"elementor-widget-container\">\n\t\t\t\t\t<h2 class=\"elementor-heading-title elementor-size-default\">\u00bfPodr\u00e9 vacunarme si no tengo seguro o tengo un seguro insuficiente?<\/h2>\t\t\t\t<\/div>\n\t\t\t\t<\/div>\n\t\t\t\t<div class=\"elementor-element elementor-element-9196e76 elementor-widget elementor-widget-text-editor\" data-id=\"9196e76\" data-element_type=\"widget\" data-e-type=\"widget\" data-widget_type=\"text-editor.default\">\n\t\t\t\t<div class=\"elementor-widget-container\">\n\t\t\t\t\t\t\t\t\t<p><span class=\"TextRun SCXW13720648 BCX0\" lang=\"ES-ES\" xml:lang=\"ES-ES\" data-contrast=\"none\"><span class=\"NormalTextRun SCXW13720648 BCX0\">S\u00ed.<\/span><\/span> <span class=\"TextRun SCXW13720648 BCX0\" lang=\"ES-ES\" xml:lang=\"ES-ES\" data-contrast=\"none\"><span class=\"NormalTextRun SCXW13720648 BCX0\">En Open <\/span><span class=\"NormalTextRun SpellingErrorV2Themed SCXW13720648 BCX0\">Door<\/span><span class=\"NormalTextRun SCXW13720648 BCX0\">, creemos que todas las personas merecen acceso a atenci\u00f3n m\u00e9dica de calidad, sin importar su capacidad de pago.<\/span> <\/span><span class=\"TextRun SCXW13720648 BCX0\" lang=\"ES-ES\" xml:lang=\"ES-ES\" data-contrast=\"auto\"><span class=\"NormalTextRun SCXW13720648 BCX0\">El costo no debe ser un obst\u00e1culo para gozar de buena salud. Por eso ofrecemos un programa de descuento de tarifa para todos nuestros pacientes, con o sin seguro m\u00e9dico. Nuestro <\/span><\/span><span class=\"TextRun Highlight SCXW13720648 BCX0\" lang=\"ES-ES\" xml:lang=\"ES-ES\" data-contrast=\"auto\"><span class=\"NormalTextRun SCXW13720648 BCX0\">programa de descuento <\/span><span class=\"NormalTextRun SCXW13720648 BCX0\">de <\/span><span class=\"NormalTextRun SCXW13720648 BCX0\">tarif<\/span><span class=\"NormalTextRun SCXW13720648 BCX0\">a<\/span><\/span><span class=\"TextRun SCXW13720648 BCX0\" lang=\"ES-ES\" xml:lang=\"ES-ES\" data-contrast=\"auto\"> <span class=\"NormalTextRun SCXW13720648 BCX0\">se basa en los ingresos del hogar y el tama\u00f1o de la familia, lo que ayuda a que la atenci\u00f3n sea accesible para todos.<\/span><\/span><span class=\"EOP SCXW13720648 BCX0\" data-ccp-props=\"{&quot;134233117&quot;:false,&quot;134233118&quot;:false,&quot;201341983&quot;:0,&quot;335551550&quot;:1,&quot;335551620&quot;:1,&quot;335559738&quot;:0,&quot;335559739&quot;:160,&quot;335559740&quot;:276}\">\u00a0<\/span><\/p>\t\t\t\t\t\t\t\t<\/div>\n\t\t\t\t<\/div>\n\t\t\t\t<\/div>\n\t\t\t\t\t<\/div>\n\t\t\t\t<\/div>\n\t\t<div class=\"elementor-element elementor-element-59530e64 e-flex e-con-boxed e-con e-parent\" data-id=\"59530e64\" data-element_type=\"container\" data-e-type=\"container\" data-settings=\"{&quot;jet_parallax_layout_list&quot;:[]}\">\n\t\t\t\t\t<div class=\"e-con-inner\">\n\t\t<div class=\"elementor-element elementor-element-3e2d3834 e-con-full e-flex e-con e-child\" data-id=\"3e2d3834\" data-element_type=\"container\" data-e-type=\"container\" data-settings=\"{&quot;jet_parallax_layout_list&quot;:[]}\">\n\t\t\t\t<div class=\"elementor-element elementor-element-22c4ae52 elementor-widget elementor-widget-heading\" data-id=\"22c4ae52\" data-element_type=\"widget\" data-e-type=\"widget\" data-widget_type=\"heading.default\">\n\t\t\t\t<div class=\"elementor-widget-container\">\n\t\t\t\t\t<h2 class=\"elementor-heading-title elementor-size-default\">C\u00f3mo hacerse la prueba<\/h2>\t\t\t\t<\/div>\n\t\t\t\t<\/div>\n\t\t\t\t<div class=\"elementor-element elementor-element-16334c57 elementor-widget elementor-widget-text-editor\" data-id=\"16334c57\" data-element_type=\"widget\" data-e-type=\"widget\" data-widget_type=\"text-editor.default\">\n\t\t\t\t<div class=\"elementor-widget-container\">\n\t\t\t\t\t\t\t\t\t<p><span data-contrast=\"none\">Si desea someterse a una prueba de detecci\u00f3n de COVID-19 y no experimenta s\u00edntomas, considere la posibilidad de realizarse una autoprueba en casa. Incluso si no tiene s\u00edntomas, se recomienda que se haga una autoprueba antes y despu\u00e9s de viajar o si ha estado expuesto a alguien con COVID-19.<\/span><span data-ccp-props=\"{&quot;134233117&quot;:false,&quot;134233118&quot;:false,&quot;335557856&quot;:16777215,&quot;335559738&quot;:0,&quot;335559739&quot;:216}\">\u00a0<\/span><\/p><p><span data-contrast=\"none\">Si usted est\u00e1 experimentando s\u00edntomas de COVID-19, posiblemente ha estado expuestos, o necesita pruebas antes de un procedimiento m\u00e9dico, por favor p\u00f3ngase en contacto con nosotros. Open Door actualmente ofrece citas para el mismo d\u00eda y las personas sin cita previa para la vacunaci\u00f3n contra COVID-19 son bienvenidas.<\/span><span data-ccp-props=\"{&quot;134233117&quot;:false,&quot;134233118&quot;:false,&quot;335557856&quot;:16777215,&quot;335559738&quot;:0,&quot;335559739&quot;:216}\">\u00a0<\/span><\/p><p><span data-contrast=\"none\">Programe su cita llamando al <\/span><a href=\"tel:9146322737\"><span data-contrast=\"none\">914-632-2737<\/span><\/a><span data-contrast=\"none\">.<\/span><span data-ccp-props=\"{&quot;134233117&quot;:false,&quot;134233118&quot;:false,&quot;335557856&quot;:16777215,&quot;335559738&quot;:0,&quot;335559739&quot;:216}\">\u00a0<\/span><\/p>\t\t\t\t\t\t\t\t<\/div>\n\t\t\t\t<\/div>\n\t\t\t\t<\/div>\n\t\t\t\t\t<\/div>\n\t\t\t\t<\/div>\n\t\t<div class=\"elementor-element elementor-element-0395080 e-flex e-con-boxed e-con e-parent\" data-id=\"0395080\" data-element_type=\"container\" data-e-type=\"container\" data-settings=\"{&quot;jet_parallax_layout_list&quot;:[]}\">\n\t\t\t\t\t<div class=\"e-con-inner\">\n\t\t<div class=\"elementor-element elementor-element-30cc6da e-con-full e-flex e-con e-child\" data-id=\"30cc6da\" data-element_type=\"container\" data-e-type=\"container\" data-settings=\"{&quot;jet_parallax_layout_list&quot;:[]}\">\n\t\t\t\t<div class=\"elementor-element elementor-element-8b1d8d7 elementor-widget elementor-widget-heading\" data-id=\"8b1d8d7\" data-element_type=\"widget\" data-e-type=\"widget\" data-widget_type=\"heading.default\">\n\t\t\t\t<div class=\"elementor-widget-container\">\n\t\t\t\t\t<h2 class=\"elementor-heading-title elementor-size-default\">\u00daltimos recursos sobre COVID-19<\/h2>\t\t\t\t<\/div>\n\t\t\t\t<\/div>\n\t\t\t\t<div class=\"elementor-element elementor-element-97a77e5 elementor-widget elementor-widget-text-editor\" data-id=\"97a77e5\" data-element_type=\"widget\" data-e-type=\"widget\" data-widget_type=\"text-editor.default\">\n\t\t\t\t<div class=\"elementor-widget-container\">\n\t\t\t\t\t\t\t\t\t<ul><li><a href=\"https:\/\/opendoor.mangoapps.com\/tu\/EsMnFu\" target=\"_blank\" rel=\"noopener\">CDC\u2019s COVID Vaccination Guidance<\/a><\/li><li><a href=\"https:\/\/opendoor.mangoapps.com\/tu\/ExICGa\" target=\"_blank\" rel=\"noopener\">CDC\u2019s Summary of Treatment Options<\/a><\/li><\/ul>\t\t\t\t\t\t\t\t<\/div>\n\t\t\t\t<\/div>\n\t\t\t\t<\/div>\n\t\t\t\t\t<\/div>\n\t\t\t\t<\/div>\n\t\t\t\t<\/div>\n\t\t","protected":false},"excerpt":{"rendered":"<p>COVID-19 Homepage Vacunarse sigue siendo la forma m\u00e1s eficaz de reducir el riesgo de sufrir complicaciones graves -incluso la muerte- a causa de una infecci\u00f3n por COVID-19. Open Door est\u00e1 ofreciendo vacunas Pfizer y Moderna en todos nuestros centros con cita previa. \u00bfPodr\u00e9 vacunarme si no tengo seguro o tengo un seguro insuficiente? S\u00ed. En [&hellip;]<\/p>\n","protected":false},"author":2,"featured_media":0,"parent":1861,"menu_order":0,"comment_status":"closed","ping_status":"closed","template":"","meta":{"_acf_changed":false,"footnotes":""},"class_list":["post-2102","page","type-page","status-publish","hentry"],"acf":[],"_links":{"self":[{"href":"https:\/\/opendoorcarenetwork.org\/es\/wp-json\/wp\/v2\/pages\/2102","targetHints":{"allow":["GET"]}}],"collection":[{"href":"https:\/\/opendoorcarenetwork.org\/es\/wp-json\/wp\/v2\/pages"}],"about":[{"href":"https:\/\/opendoorcarenetwork.org\/es\/wp-json\/wp\/v2\/types\/page"}],"author":[{"embeddable":true,"href":"https:\/\/opendoorcarenetwork.org\/es\/wp-json\/wp\/v2\/users\/2"}],"replies":[{"embeddable":true,"href":"https:\/\/opendoorcarenetwork.org\/es\/wp-json\/wp\/v2\/comments?post=2102"}],"version-history":[{"count":0,"href":"https:\/\/opendoorcarenetwork.org\/es\/wp-json\/wp\/v2\/pages\/2102\/revisions"}],"up":[{"embeddable":true,"href":"https:\/\/opendoorcarenetwork.org\/es\/wp-json\/wp\/v2\/pages\/1861"}],"wp:attachment":[{"href":"https:\/\/opendoorcarenetwork.org\/es\/wp-json\/wp\/v2\/media?parent=2102"}],"curies":[{"name":"wp","href":"https:\/\/api.w.org\/{rel}","templated":true}]}}