{"id":2101,"date":"2024-04-05T10:45:20","date_gmt":"2024-04-05T14:45:20","guid":{"rendered":"https:\/\/opendr2024dev.wpenginepowered.com\/recursos-para-pacientes\/hitch-cancer-support\/"},"modified":"2025-07-09T15:28:55","modified_gmt":"2025-07-09T19:28:55","slug":"hitch-cancer-support","status":"publish","type":"page","link":"https:\/\/opendoorcarenetwork.org\/es\/recursos-para-pacientes\/hitch-cancer-support\/","title":{"rendered":"Programa de Apoyo contra el C\u00e1ncer HITCH"},"content":{"rendered":"\t\t<div data-elementor-type=\"wp-page\" data-elementor-id=\"2101\" class=\"elementor elementor-2101 elementor-76\" data-elementor-post-type=\"page\">\n\t\t\t\t<div data-dce-background-image-url=\"https:\/\/opendoorcarenetwork.org\/wp-content\/uploads\/2024\/04\/hitch-cancer-support-header.jpg\" class=\"elementor-element elementor-element-b768a6b e-con-full e-flex e-con e-parent\" data-id=\"b768a6b\" data-element_type=\"container\" data-e-type=\"container\" data-settings=\"{&quot;background_background&quot;:&quot;classic&quot;,&quot;jet_parallax_layout_list&quot;:[]}\">\n\t\t<div data-dce-background-color=\"#007ABC\" class=\"elementor-element elementor-element-76c82c6b e-flex e-con-boxed e-con e-child\" data-id=\"76c82c6b\" data-element_type=\"container\" data-e-type=\"container\" data-settings=\"{&quot;background_background&quot;:&quot;gradient&quot;,&quot;jet_parallax_layout_list&quot;:[]}\">\n\t\t\t\t\t<div class=\"e-con-inner\">\n\t\t<div class=\"elementor-element elementor-element-6aa9e13b e-con-full e-flex e-con e-child\" data-id=\"6aa9e13b\" data-element_type=\"container\" data-e-type=\"container\" data-settings=\"{&quot;jet_parallax_layout_list&quot;:[]}\">\n\t\t\t\t<div class=\"elementor-element elementor-element-8332421 elementor-widget__width-initial elementor-widget-tablet__width-inherit elementor-widget elementor-widget-heading\" data-id=\"8332421\" data-element_type=\"widget\" data-e-type=\"widget\" data-widget_type=\"heading.default\">\n\t\t\t\t<div class=\"elementor-widget-container\">\n\t\t\t\t\t<h1 class=\"elementor-heading-title elementor-size-default\">Programa de Apoyo contra el C\u00e1ncer HITCH<\/h1>\t\t\t\t<\/div>\n\t\t\t\t<\/div>\n\t\t\t\t<\/div>\n\t\t\t\t\t<\/div>\n\t\t\t\t<\/div>\n\t\t\t\t<\/div>\n\t\t<div class=\"elementor-element elementor-element-7c203a92 e-flex e-con-boxed e-con e-parent\" data-id=\"7c203a92\" data-element_type=\"container\" data-e-type=\"container\" data-settings=\"{&quot;jet_parallax_layout_list&quot;:[]}\">\n\t\t\t\t\t<div class=\"e-con-inner\">\n\t\t<div class=\"elementor-element elementor-element-1714926c e-flex e-con-boxed e-con e-child\" data-id=\"1714926c\" data-element_type=\"container\" data-e-type=\"container\" data-settings=\"{&quot;jet_parallax_layout_list&quot;:[]}\">\n\t\t\t\t\t<div class=\"e-con-inner\">\n\t\t\t\t<div class=\"elementor-element elementor-element-29c33682 jet-breadcrumbs-on-front-yes jet-breadcrumbs-page-title-yes elementor-widget elementor-widget-jet-breadcrumbs\" data-id=\"29c33682\" data-element_type=\"widget\" data-e-type=\"widget\" data-widget_type=\"jet-breadcrumbs.default\">\n\t\t\t\t<div class=\"elementor-widget-container\">\n\t\t\t\t\t<div class=\"elementor-jet-breadcrumbs jet-blocks\">\n\t\t<div class=\"jet-breadcrumbs\">\n\t\t<div class=\"jet-breadcrumbs__content\">\n\t\t<div class=\"jet-breadcrumbs__wrap\"><div class=\"jet-breadcrumbs__item\"><a href=\"https:\/\/opendoorcarenetwork.org\/es\/\" class=\"jet-breadcrumbs__item-link is-home\" rel=\"home\" title=\"P\u00e1gina de inicio\">P\u00e1gina de inicio<\/a><\/div>\n\t\t<\/div>\n\t\t<\/div>\n\t\t<\/div><\/div>\t\t\t\t<\/div>\n\t\t\t\t<\/div>\n\t\t\t\t\t<\/div>\n\t\t\t\t<\/div>\n\t\t\t\t\t<\/div>\n\t\t\t\t<\/div>\n\t\t<div class=\"elementor-element elementor-element-20afc2ff e-flex e-con-boxed e-con e-parent\" data-id=\"20afc2ff\" data-element_type=\"container\" data-e-type=\"container\" data-settings=\"{&quot;jet_parallax_layout_list&quot;:[]}\">\n\t\t\t\t\t<div class=\"e-con-inner\">\n\t\t<div class=\"elementor-element elementor-element-487a1687 e-con-full e-flex e-con e-child\" data-id=\"487a1687\" data-element_type=\"container\" data-e-type=\"container\" data-settings=\"{&quot;jet_parallax_layout_list&quot;:[]}\">\n\t\t\t\t<div class=\"elementor-element elementor-element-46d406cc elementor-widget elementor-widget-heading\" data-id=\"46d406cc\" data-element_type=\"widget\" data-e-type=\"widget\" data-widget_type=\"heading.default\">\n\t\t\t\t<div class=\"elementor-widget-container\">\n\t\t\t\t\t<h2 class=\"elementor-heading-title elementor-size-default\">Estamos orgullosos de ser miembros fundadores del Programa de Apoyo contra el C\u00e1ncer HITCH.<\/h2>\t\t\t\t<\/div>\n\t\t\t\t<\/div>\n\t\t\t\t<div class=\"elementor-element elementor-element-402568e1 elementor-widget elementor-widget-text-editor\" data-id=\"402568e1\" data-element_type=\"widget\" data-e-type=\"widget\" data-widget_type=\"text-editor.default\">\n\t\t\t\t<div class=\"elementor-widget-container\">\n\t\t\t\t\t\t\t\t\t<p><span class=\"TextRun SCXW181028825 BCX0\" lang=\"ES-ES\" xml:lang=\"ES-ES\" data-contrast=\"none\"><span class=\"NormalTextRun SCXW181028825 BCX0\">El Programa de Servicios contra el C\u00e1ncer (CSP) ofrece pruebas de detecci\u00f3n de c\u00e1ncer de mama, de cuello uterino y colorrectal y servicios de diagn\u00f3stico SIN COSTO a las personas que<\/span><\/span>:<\/p><ul><li><p>Viven en el Estado de Nueva York<\/p><\/li><li><p>No tengan seguro m\u00e9dico<\/p><\/li><li><p>Tengan seguro m\u00e9dico con un costo compartido que pueda impedir a una persona obtener servicios de detecci\u00f3n y\/o diagn\u00f3stico.<\/p><\/li><li><p>Cumplan los requisitos de ingresos<\/p><\/li><li><p>Cumplan los requisitos de edad<\/p><\/li><\/ul><p><br \/>Para m\u00e1s informaci\u00f3n sobre HITCH, visite el sitio web <a href=\"https:\/\/www.hitch.org\/\" target=\"_blank\" rel=\"noopener\">HITCH.org<\/a>.<\/p>\t\t\t\t\t\t\t\t<\/div>\n\t\t\t\t<\/div>\n\t\t\t\t<\/div>\n\t\t\t\t\t<\/div>\n\t\t\t\t<\/div>\n\t\t\t\t<\/div>\n\t\t","protected":false},"excerpt":{"rendered":"<p>Programa de Apoyo contra el C\u00e1ncer HITCH Homepage Estamos orgullosos de ser miembros fundadores del Programa de Apoyo contra el C\u00e1ncer HITCH. El Programa de Servicios contra el C\u00e1ncer (CSP) ofrece pruebas de detecci\u00f3n de c\u00e1ncer de mama, de cuello uterino y colorrectal y servicios de diagn\u00f3stico SIN COSTO a las personas que: Viven en [&hellip;]<\/p>\n","protected":false},"author":2,"featured_media":1101,"parent":1861,"menu_order":0,"comment_status":"closed","ping_status":"closed","template":"","meta":{"_acf_changed":false,"footnotes":""},"class_list":["post-2101","page","type-page","status-publish","has-post-thumbnail","hentry"],"acf":[],"_links":{"self":[{"href":"https:\/\/opendoorcarenetwork.org\/es\/wp-json\/wp\/v2\/pages\/2101","targetHints":{"allow":["GET"]}}],"collection":[{"href":"https:\/\/opendoorcarenetwork.org\/es\/wp-json\/wp\/v2\/pages"}],"about":[{"href":"https:\/\/opendoorcarenetwork.org\/es\/wp-json\/wp\/v2\/types\/page"}],"author":[{"embeddable":true,"href":"https:\/\/opendoorcarenetwork.org\/es\/wp-json\/wp\/v2\/users\/2"}],"replies":[{"embeddable":true,"href":"https:\/\/opendoorcarenetwork.org\/es\/wp-json\/wp\/v2\/comments?post=2101"}],"version-history":[{"count":0,"href":"https:\/\/opendoorcarenetwork.org\/es\/wp-json\/wp\/v2\/pages\/2101\/revisions"}],"up":[{"embeddable":true,"href":"https:\/\/opendoorcarenetwork.org\/es\/wp-json\/wp\/v2\/pages\/1861"}],"wp:featuredmedia":[{"embeddable":true,"href":"https:\/\/opendoorcarenetwork.org\/es\/wp-json\/wp\/v2\/media\/1101"}],"wp:attachment":[{"href":"https:\/\/opendoorcarenetwork.org\/es\/wp-json\/wp\/v2\/media?parent=2101"}],"curies":[{"name":"wp","href":"https:\/\/api.w.org\/{rel}","templated":true}]}}