{"id":2086,"date":"2025-04-14T18:03:35","date_gmt":"2025-04-14T22:03:35","guid":{"rendered":"https:\/\/opendr2024dev.wpenginepowered.com\/recursos-para-pacientes\/formularios-de-paciente\/"},"modified":"2026-04-09T10:40:31","modified_gmt":"2026-04-09T14:40:31","slug":"formularios-de-paciente","status":"publish","type":"page","link":"https:\/\/opendoorcarenetwork.org\/es\/recursos-para-pacientes\/formularios-de-paciente\/","title":{"rendered":"Formularios de Paciente"},"content":{"rendered":"\t\t<div data-elementor-type=\"wp-page\" data-elementor-id=\"2086\" class=\"elementor elementor-2086 elementor-2035\" data-elementor-post-type=\"page\">\n\t\t\t\t<div class=\"elementor-element elementor-element-642bbeb0 e-con-full e-flex e-con e-parent\" data-id=\"642bbeb0\" data-element_type=\"container\" data-e-type=\"container\" data-settings=\"{&quot;background_background&quot;:&quot;classic&quot;,&quot;jet_parallax_layout_list&quot;:[]}\">\n\t\t<div data-dce-background-color=\"#007ABC\" class=\"elementor-element elementor-element-342cc0cb e-flex e-con-boxed e-con e-child\" data-id=\"342cc0cb\" data-element_type=\"container\" data-e-type=\"container\" data-settings=\"{&quot;background_background&quot;:&quot;gradient&quot;,&quot;jet_parallax_layout_list&quot;:[]}\">\n\t\t\t\t\t<div class=\"e-con-inner\">\n\t\t<div class=\"elementor-element elementor-element-669f4980 e-con-full e-flex e-con e-child\" data-id=\"669f4980\" data-element_type=\"container\" data-e-type=\"container\" data-settings=\"{&quot;jet_parallax_layout_list&quot;:[]}\">\n\t\t\t\t<div class=\"elementor-element elementor-element-1732ac7 elementor-widget elementor-widget-heading\" data-id=\"1732ac7\" data-element_type=\"widget\" data-e-type=\"widget\" data-widget_type=\"heading.default\">\n\t\t\t\t<div class=\"elementor-widget-container\">\n\t\t\t\t\t<h1 class=\"elementor-heading-title elementor-size-default\">Formularios de Paciente<\/h1>\t\t\t\t<\/div>\n\t\t\t\t<\/div>\n\t\t\t\t<\/div>\n\t\t\t\t\t<\/div>\n\t\t\t\t<\/div>\n\t\t\t\t<\/div>\n\t\t<div class=\"elementor-element elementor-element-4af6f97a e-flex e-con-boxed e-con e-parent\" data-id=\"4af6f97a\" data-element_type=\"container\" data-e-type=\"container\" data-settings=\"{&quot;jet_parallax_layout_list&quot;:[]}\">\n\t\t\t\t\t<div class=\"e-con-inner\">\n\t\t<div class=\"elementor-element elementor-element-3290c564 e-flex e-con-boxed e-con e-child\" data-id=\"3290c564\" data-element_type=\"container\" data-e-type=\"container\" data-settings=\"{&quot;jet_parallax_layout_list&quot;:[]}\">\n\t\t\t\t\t<div class=\"e-con-inner\">\n\t\t\t\t<div class=\"elementor-element elementor-element-105ba4dd jet-breadcrumbs-on-front-yes jet-breadcrumbs-page-title-yes elementor-widget elementor-widget-jet-breadcrumbs\" data-id=\"105ba4dd\" data-element_type=\"widget\" data-e-type=\"widget\" data-widget_type=\"jet-breadcrumbs.default\">\n\t\t\t\t<div class=\"elementor-widget-container\">\n\t\t\t\t\t<div class=\"elementor-jet-breadcrumbs jet-blocks\">\n\t\t<div class=\"jet-breadcrumbs\">\n\t\t<div class=\"jet-breadcrumbs__content\">\n\t\t<div class=\"jet-breadcrumbs__wrap\"><div class=\"jet-breadcrumbs__item\"><a href=\"https:\/\/opendoorcarenetwork.org\/es\/\" class=\"jet-breadcrumbs__item-link is-home\" rel=\"home\" title=\"P\u00e1gina de inicio\">P\u00e1gina de inicio<\/a><\/div>\n\t\t<\/div>\n\t\t<\/div>\n\t\t<\/div><\/div>\t\t\t\t<\/div>\n\t\t\t\t<\/div>\n\t\t\t\t\t<\/div>\n\t\t\t\t<\/div>\n\t\t\t\t\t<\/div>\n\t\t\t\t<\/div>\n\t\t<div class=\"elementor-element elementor-element-261b7ba1 e-flex e-con-boxed e-con e-parent\" data-id=\"261b7ba1\" data-element_type=\"container\" data-e-type=\"container\" data-settings=\"{&quot;jet_parallax_layout_list&quot;:[]}\">\n\t\t\t\t\t<div class=\"e-con-inner\">\n\t\t<div class=\"elementor-element elementor-element-602b460c e-con-full e-flex e-con e-child\" data-id=\"602b460c\" data-element_type=\"container\" data-e-type=\"container\" data-settings=\"{&quot;jet_parallax_layout_list&quot;:[]}\">\n\t\t<div class=\"elementor-element elementor-element-7cf0b471 e-con-full e-flex e-con e-child\" data-id=\"7cf0b471\" data-element_type=\"container\" data-e-type=\"container\" data-settings=\"{&quot;jet_parallax_layout_list&quot;:[]}\">\n\t\t\t\t<div class=\"elementor-element elementor-element-522870fb elementor-widget elementor-widget-text-editor\" data-id=\"522870fb\" data-element_type=\"widget\" data-e-type=\"widget\" data-widget_type=\"text-editor.default\">\n\t\t\t\t<div class=\"elementor-widget-container\">\n\t\t\t\t\t\t\t\t\t<p>Muchos de estos formularios se pueden enviar electr\u00f3nicamente a Open Door. Consulte los v\u00ednculoa que se enumeran a continuaci\u00f3n.<\/p><p><strong>Formulario de Registraci\u00f3n para Nuevos Pacientes<\/strong><br \/><a href=\"https:\/\/rebrand.ly\/paciente-reg\" target=\"_blank\" rel=\"noopener\">clic aqu\u00ed<\/a><\/p><p><strong>Derechos del Paciente<br \/><\/strong><a href=\"https:\/\/opendoorcarenetwork.org\/wp-content\/uploads\/2025\/07\/Patient-Bill-of-Rights-Spanish.pdf\" target=\"_blank\" rel=\"noopener\">clic aqu\u00ed<\/a><br \/><br \/><strong>Responsabilidades del Paciente<br \/><\/strong><a href=\"https:\/\/opendoorcarenetwork.org\/wp-content\/uploads\/2026\/04\/Patient-Responsibilities-Open-Door-Care-Network.pdf\" target=\"_blank\" rel=\"noopener\">clic aqu\u00ed<\/a><\/p><p><strong>Formulario de reconocimiento de HIPAA<br \/><\/strong><a href=\"https:\/\/rebrand.ly\/HIPPA-Spa\" target=\"_blank\" rel=\"noopener\">clic aqu\u00ed<\/a><\/p><p><strong>Autorizaci\u00f3n para Compartir Informaci\u00f3n M\u00e9dica (Historial M\u00e9dico)<br \/><\/strong><a href=\"https:\/\/opendoormedical.medforward.com\/FillOutForm.aspx?formname=Release_of_Information_Form_-_Spanish\" target=\"_blank\" rel=\"noopener\">clic aqu\u00ed<\/a><\/p><p><strong>El Tratamiento y Asignaci\u00f3n de los Dem\u00e1s para Acompa\u00f1ar a los Menores-M\u00e9dico<br \/><\/strong><a href=\"http:\/\/rebrand.ly\/MTMC\" target=\"_blank\" rel=\"noopener\">clic aqu\u00ed<\/a><\/p><p><strong>El Tratamiento y Asignaci\u00f3n de los Dem\u00e1s para Acompa\u00f1ar a los Menores-Dental<br \/><\/strong><a href=\"https:\/\/rebrand.ly\/DFCM\" target=\"_blank\" rel=\"noopener\">clic aqu\u00ed<\/a><\/p><p><strong>Poder para la Atenci\u00f3n M\u00e9dica<br \/><\/strong><a href=\"https:\/\/opendoorcarenetwork.org\/wp-content\/uploads\/2025\/10\/1431.pdf\" target=\"_blank\" rel=\"noopener\">clic aqu\u00ed<\/a><\/p><p><strong>Testamento en Vida y Poder de Asistencia M\u00e9dica<br \/><\/strong><a href=\"https:\/\/opendoorcarenetwork.org\/wp-content\/uploads\/2025\/04\/Living_Will_Spanish.pdf\" target=\"_blank\" rel=\"noopener\">clic aqu\u00ed<\/a><\/p><p><strong>Consentimiento de Acceso a Datos Electr\u00f3nicos <br \/><\/strong><a href=\"https:\/\/rebrand.ly\/CADEOD\" target=\"_blank\" rel=\"noopener\">clic aqu\u00ed<\/a><\/p>\t\t\t\t\t\t\t\t<\/div>\n\t\t\t\t<\/div>\n\t\t\t\t<\/div>\n\t\t\t\t<\/div>\n\t\t\t\t\t<\/div>\n\t\t\t\t<\/div>\n\t\t\t\t<\/div>\n\t\t","protected":false},"excerpt":{"rendered":"<p>Formularios de Paciente P\u00e1gina de inicio Muchos de estos formularios se pueden enviar electr\u00f3nicamente a Open Door. Consulte los v\u00ednculoa que se enumeran a continuaci\u00f3n. Formulario de Registraci\u00f3n para Nuevos Pacientesclic aqu\u00ed Derechos del Pacienteclic aqu\u00ed Responsabilidades del Pacienteclic aqu\u00ed Formulario de reconocimiento de HIPAAclic aqu\u00ed Autorizaci\u00f3n para Compartir Informaci\u00f3n M\u00e9dica (Historial M\u00e9dico)clic aqu\u00ed El [&hellip;]<\/p>\n","protected":false},"author":2,"featured_media":0,"parent":1861,"menu_order":0,"comment_status":"closed","ping_status":"closed","template":"","meta":{"_acf_changed":false,"footnotes":""},"class_list":["post-2086","page","type-page","status-publish","hentry"],"acf":[],"_links":{"self":[{"href":"https:\/\/opendoorcarenetwork.org\/es\/wp-json\/wp\/v2\/pages\/2086","targetHints":{"allow":["GET"]}}],"collection":[{"href":"https:\/\/opendoorcarenetwork.org\/es\/wp-json\/wp\/v2\/pages"}],"about":[{"href":"https:\/\/opendoorcarenetwork.org\/es\/wp-json\/wp\/v2\/types\/page"}],"author":[{"embeddable":true,"href":"https:\/\/opendoorcarenetwork.org\/es\/wp-json\/wp\/v2\/users\/2"}],"replies":[{"embeddable":true,"href":"https:\/\/opendoorcarenetwork.org\/es\/wp-json\/wp\/v2\/comments?post=2086"}],"version-history":[{"count":0,"href":"https:\/\/opendoorcarenetwork.org\/es\/wp-json\/wp\/v2\/pages\/2086\/revisions"}],"up":[{"embeddable":true,"href":"https:\/\/opendoorcarenetwork.org\/es\/wp-json\/wp\/v2\/pages\/1861"}],"wp:attachment":[{"href":"https:\/\/opendoorcarenetwork.org\/es\/wp-json\/wp\/v2\/media?parent=2086"}],"curies":[{"name":"wp","href":"https:\/\/api.w.org\/{rel}","templated":true}]}}