{"id":1874,"date":"2024-04-23T19:14:49","date_gmt":"2024-04-23T23:14:49","guid":{"rendered":"https:\/\/opendr2024dev.wpenginepowered.com\/fundacion\/50mas\/mantener-nuestros-programas-de-salud-integral\/"},"modified":"2026-03-11T15:09:19","modified_gmt":"2026-03-11T19:09:19","slug":"mantener-nuestros-programas-de-salud-integral","status":"publish","type":"page","link":"https:\/\/opendoorcarenetwork.org\/es\/fundacion\/50mas\/mantener-nuestros-programas-de-salud-integral\/","title":{"rendered":"Mantener nuestros programas de salud integral"},"content":{"rendered":"\t\t<div data-elementor-type=\"wp-page\" data-elementor-id=\"1874\" class=\"elementor elementor-1874 elementor-543\" data-elementor-post-type=\"page\">\n\t\t\t\t<div data-dce-background-color=\"#39AB4A\" class=\"elementor-element elementor-element-628300d6 e-con-full e-flex e-con e-parent\" data-id=\"628300d6\" data-element_type=\"container\" data-e-type=\"container\" data-settings=\"{&quot;background_background&quot;:&quot;classic&quot;,&quot;jet_parallax_layout_list&quot;:[]}\">\n\t\t<div data-dce-background-color=\"#39AB4A\" class=\"elementor-element elementor-element-1db0b238 e-flex e-con-boxed e-con e-child\" data-id=\"1db0b238\" data-element_type=\"container\" data-e-type=\"container\" data-settings=\"{&quot;background_background&quot;:&quot;gradient&quot;,&quot;jet_parallax_layout_list&quot;:[]}\">\n\t\t\t\t\t<div class=\"e-con-inner\">\n\t\t<div class=\"elementor-element elementor-element-6be3ad82 e-con-full e-flex e-con e-child\" data-id=\"6be3ad82\" data-element_type=\"container\" data-e-type=\"container\" data-settings=\"{&quot;jet_parallax_layout_list&quot;:[]}\">\n\t\t\t\t<div class=\"elementor-element elementor-element-caebe4b elementor-widget__width-initial elementor-widget elementor-widget-heading\" data-id=\"caebe4b\" data-element_type=\"widget\" data-e-type=\"widget\" data-widget_type=\"heading.default\">\n\t\t\t\t<div class=\"elementor-widget-container\">\n\t\t\t\t\t<h1 class=\"elementor-heading-title elementor-size-default\">Aporte a nuestros servicios integrales<\/h1>\t\t\t\t<\/div>\n\t\t\t\t<\/div>\n\t\t\t\t<\/div>\n\t\t\t\t\t<\/div>\n\t\t\t\t<\/div>\n\t\t\t\t<\/div>\n\t\t<div class=\"elementor-element elementor-element-129842b1 e-flex e-con-boxed e-con e-parent\" data-id=\"129842b1\" data-element_type=\"container\" data-e-type=\"container\" data-settings=\"{&quot;jet_parallax_layout_list&quot;:[]}\">\n\t\t\t\t\t<div class=\"e-con-inner\">\n\t\t<div class=\"elementor-element elementor-element-20587403 e-flex e-con-boxed e-con e-child\" data-id=\"20587403\" data-element_type=\"container\" data-e-type=\"container\" data-settings=\"{&quot;jet_parallax_layout_list&quot;:[]}\">\n\t\t\t\t\t<div class=\"e-con-inner\">\n\t\t\t\t<div class=\"elementor-element elementor-element-19dd5961 jet-breadcrumbs-on-front-yes jet-breadcrumbs-page-title-yes elementor-widget elementor-widget-jet-breadcrumbs\" data-id=\"19dd5961\" data-element_type=\"widget\" data-e-type=\"widget\" data-widget_type=\"jet-breadcrumbs.default\">\n\t\t\t\t<div class=\"elementor-widget-container\">\n\t\t\t\t\t<div class=\"elementor-jet-breadcrumbs jet-blocks\">\n\t\t<div class=\"jet-breadcrumbs\">\n\t\t<div class=\"jet-breadcrumbs__content\">\n\t\t<div class=\"jet-breadcrumbs__wrap\"><div class=\"jet-breadcrumbs__item\"><a href=\"https:\/\/opendoorcarenetwork.org\/es\/\" class=\"jet-breadcrumbs__item-link is-home\" rel=\"home\" title=\"P\u00e1gina de inicio\">P\u00e1gina de inicio<\/a><\/div>\n\t\t<\/div>\n\t\t<\/div>\n\t\t<\/div><\/div>\t\t\t\t<\/div>\n\t\t\t\t<\/div>\n\t\t\t\t\t<\/div>\n\t\t\t\t<\/div>\n\t\t\t\t\t<\/div>\n\t\t\t\t<\/div>\n\t\t<div data-dce-background-color=\"#174880\" class=\"elementor-element elementor-element-684fa682 e-flex e-con-boxed e-con e-parent\" data-id=\"684fa682\" data-element_type=\"container\" data-e-type=\"container\" data-settings=\"{&quot;jet_parallax_layout_list&quot;:[],&quot;background_background&quot;:&quot;classic&quot;}\">\n\t\t\t\t\t<div class=\"e-con-inner\">\n\t\t<div class=\"elementor-element elementor-element-2b435105 e-con-full e-flex e-con e-child\" data-id=\"2b435105\" data-element_type=\"container\" data-e-type=\"container\" data-settings=\"{&quot;jet_parallax_layout_list&quot;:[]}\">\n\t\t<div class=\"elementor-element elementor-element-14c4d7a2 e-con-full e-flex e-con e-child\" data-id=\"14c4d7a2\" data-element_type=\"container\" data-e-type=\"container\" data-settings=\"{&quot;jet_parallax_layout_list&quot;:[]}\">\n\t\t\t\t<div class=\"elementor-element elementor-element-4113c7c elementor-widget elementor-widget-heading\" data-id=\"4113c7c\" data-element_type=\"widget\" data-e-type=\"widget\" data-widget_type=\"heading.default\">\n\t\t\t\t<div class=\"elementor-widget-container\">\n\t\t\t\t\t<h2 class=\"elementor-heading-title elementor-size-default\">La Necesidad <\/h2>\t\t\t\t<\/div>\n\t\t\t\t<\/div>\n\t\t\t\t<\/div>\n\t\t\t\t<\/div>\n\t\t\t\t\t<\/div>\n\t\t\t\t<\/div>\n\t\t<div class=\"elementor-element elementor-element-70ef865c e-flex e-con-boxed e-con e-parent\" data-id=\"70ef865c\" data-element_type=\"container\" data-e-type=\"container\" data-settings=\"{&quot;jet_parallax_layout_list&quot;:[]}\">\n\t\t\t\t\t<div class=\"e-con-inner\">\n\t\t<div class=\"elementor-element elementor-element-773c214a e-con-full e-flex e-con e-child\" data-id=\"773c214a\" data-element_type=\"container\" data-e-type=\"container\" data-settings=\"{&quot;jet_parallax_layout_list&quot;:[]}\">\n\t\t\t\t<div class=\"elementor-element elementor-element-2fc46894 elementor-widget elementor-widget-text-editor\" data-id=\"2fc46894\" data-element_type=\"widget\" data-e-type=\"widget\" data-widget_type=\"text-editor.default\">\n\t\t\t\t<div class=\"elementor-widget-container\">\n\t\t\t\t\t\t\t\t\t<p>M\u00e1s de cincuenta a\u00f1os de experiencia han reforzado nuestro compromiso con un enfoque integral de la atenci\u00f3n m\u00e9dica. Nos enorgullecemos de la eficacia y eficiencia de nuestros programas; cada d\u00f3lar invertido en nuestra atenci\u00f3n primaria y servicios integrales marca una diferencia significativa en las vidas de aquellos a quienes servimos.<\/p><p>Nuestros vecinos se enfrentan a un gran n\u00famero de barreras sociales y econ\u00f3micas que les impiden acceder a la atenci\u00f3n m\u00e9dica. Cada a\u00f1o atendemos a m\u00e1s de 60,000 pacientes, de los cuales el 43% carece de seguro m\u00e9dico. Los cambios previstos en la financiaci\u00f3n gubernamental probablemente aumentar\u00e1n el n\u00famero de pacientes sin seguro a los que atendemos. Aunque seguimos siendo firmes administradores de los fondos p\u00fablicos, la filantrop\u00eda privada es m\u00e1s esencial que nunca para ayudarnos a adaptarnos y seguir prestando una atenci\u00f3n de alta calidad.<\/p><ul><li>Atenci\u00f3n m\u00e9dica primaria y preventiva para beb\u00e9s y adultos<\/li><li>Servicios de coordinaci\u00f3n de cuidados y asesor\u00eda que facilitan el acceso para la salud de nuestros pacientes<\/li><li>Programas de salud mental y conductual que tratan traumas y mejoran el bienestar<\/li><li>Programas de bienestar que ayudan a prevenir y tratar enfermedades cr\u00f3nicas<\/li><\/ul><p>\u00a0<\/p>\t\t\t\t\t\t\t\t<\/div>\n\t\t\t\t<\/div>\n\t\t<div class=\"elementor-element elementor-element-3ab25329 e-flex e-con-boxed e-con e-child\" data-id=\"3ab25329\" data-element_type=\"container\" data-e-type=\"container\" data-settings=\"{&quot;jet_parallax_layout_list&quot;:[]}\">\n\t\t\t\t\t<div class=\"e-con-inner\">\n\t\t\t\t<div data-dce-title-color=\"#174880\" class=\"elementor-element elementor-element-431afeba elementor-widget elementor-widget-heading\" data-id=\"431afeba\" data-element_type=\"widget\" data-e-type=\"widget\" data-widget_type=\"heading.default\">\n\t\t\t\t<div class=\"elementor-widget-container\">\n\t\t\t\t\t<h3 class=\"elementor-heading-title elementor-size-default\">Uniendo los programas s\u00f3lidos de Open Door y Family Services of Westchester<\/h3>\t\t\t\t<\/div>\n\t\t\t\t<\/div>\n\t\t<div class=\"elementor-element elementor-element-6dd42ce4 e-con-full e-flex e-con e-child\" data-id=\"6dd42ce4\" data-element_type=\"container\" data-e-type=\"container\" data-settings=\"{&quot;jet_parallax_layout_list&quot;:[]}\">\n\t\t<div class=\"elementor-element elementor-element-197528c1 e-con-full e-flex e-con e-child\" data-id=\"197528c1\" data-element_type=\"container\" data-e-type=\"container\" data-settings=\"{&quot;jet_parallax_layout_list&quot;:[]}\">\n\t\t\t\t<div class=\"elementor-element elementor-element-7f0c043d dce_masking-none elementor-widget elementor-widget-image\" data-id=\"7f0c043d\" data-element_type=\"widget\" data-e-type=\"widget\" data-widget_type=\"image.default\">\n\t\t\t\t<div class=\"elementor-widget-container\">\n\t\t\t\t\t\t\t\t\t\t\t\t\t\t\t<img fetchpriority=\"high\" decoding=\"async\" width=\"800\" height=\"574\" src=\"https:\/\/opendoorcarenetwork.org\/wp-content\/uploads\/2024\/04\/whole-health-campaign-1024x735.jpg\" class=\"attachment-large size-large wp-image-1283\" alt=\"\" srcset=\"https:\/\/opendoorcarenetwork.org\/wp-content\/uploads\/2024\/04\/whole-health-campaign-1024x735.jpg 1024w, https:\/\/opendoorcarenetwork.org\/wp-content\/uploads\/2024\/04\/whole-health-campaign-300x215.jpg 300w, https:\/\/opendoorcarenetwork.org\/wp-content\/uploads\/2024\/04\/whole-health-campaign-768x551.jpg 768w, https:\/\/opendoorcarenetwork.org\/wp-content\/uploads\/2024\/04\/whole-health-campaign.jpg 1200w\" sizes=\"(max-width: 800px) 100vw, 800px\" \/>\t\t\t\t\t\t\t\t\t\t\t\t\t\t\t<\/div>\n\t\t\t\t<\/div>\n\t\t\t\t<\/div>\n\t\t<div class=\"elementor-element elementor-element-12eb89c8 e-con-full e-flex e-con e-child\" data-id=\"12eb89c8\" data-element_type=\"container\" data-e-type=\"container\" data-settings=\"{&quot;jet_parallax_layout_list&quot;:[]}\">\n\t\t\t\t<div class=\"elementor-element elementor-element-e8d108 elementor-widget elementor-widget-text-editor\" data-id=\"e8d108\" data-element_type=\"widget\" data-e-type=\"widget\" data-widget_type=\"text-editor.default\">\n\t\t\t\t<div class=\"elementor-widget-container\">\n\t\t\t\t\t\t\t\t\t<p>Hemos asumido un crecimiento significativo para responder a las necesidades de nuestra comunidad. Con Family Services of Westchester (FSW), l\u00edder en programas de salud mental y primera infancia, formando parte de Open Door Care Network, estamos en condiciones de atender a m\u00e1s familias con servicios m\u00e1s amplios y un apoyo m\u00e1s profundo. Juntos vamos a:<\/p><ul><li>Ampliar el acceso<\/li><li>Ofrecer pruebas de detecci\u00f3n, intervenciones y apoyo m\u00e1s tempranos<\/li><li>Proporcionar atenci\u00f3n a otras comunidades necesitadas<\/li><li>Crear mejores resultados de salud, estabilidad familiar y resiliencia comunitaria<\/li><\/ul>\t\t\t\t\t\t\t\t<\/div>\n\t\t\t\t<\/div>\n\t\t\t\t<\/div>\n\t\t\t\t<\/div>\n\t\t\t\t\t<\/div>\n\t\t\t\t<\/div>\n\t\t\t\t<\/div>\n\t\t\t\t\t<\/div>\n\t\t\t\t<\/div>\n\t\t<div data-dce-background-color=\"#174880\" class=\"elementor-element elementor-element-7447934b e-flex e-con-boxed e-con e-parent\" data-id=\"7447934b\" data-element_type=\"container\" data-e-type=\"container\" data-settings=\"{&quot;jet_parallax_layout_list&quot;:[],&quot;background_background&quot;:&quot;classic&quot;}\">\n\t\t\t\t\t<div class=\"e-con-inner\">\n\t\t<div class=\"elementor-element elementor-element-1af1d4a0 e-con-full e-flex e-con e-child\" data-id=\"1af1d4a0\" data-element_type=\"container\" data-e-type=\"container\" data-settings=\"{&quot;jet_parallax_layout_list&quot;:[]}\">\n\t\t\t\t<div data-dce-text-color=\"#FFFFFF\" class=\"elementor-element elementor-element-010e14c elementor-widget elementor-widget-text-editor\" data-id=\"010e14c\" data-element_type=\"widget\" data-e-type=\"widget\" data-widget_type=\"text-editor.default\">\n\t\t\t\t<div class=\"elementor-widget-container\">\n\t\t\t\t\t\t\t\t\t<p>\u201cLa colaboraci\u00f3n entre Family Services of Westchester y Open Door Care Network supone un cambio revolucionario para nuestra comunidad. Juntos, estamos creando un sistema de asistencia m\u00e1s completo, que favorece el bienestar f\u00edsico, emocional y social de las personas. Es la colaboraci\u00f3n en su m\u00e1xima expresi\u00f3n\u201d.<\/p>\t\t\t\t\t\t\t\t<\/div>\n\t\t\t\t<\/div>\n\t\t\t\t<div data-dce-text-color=\"#FFFFFF\" class=\"elementor-element elementor-element-8e4c71d elementor-widget elementor-widget-text-editor\" data-id=\"8e4c71d\" data-element_type=\"widget\" data-e-type=\"widget\" data-widget_type=\"text-editor.default\">\n\t\t\t\t<div class=\"elementor-widget-container\">\n\t\t\t\t\t\t\t\t\t<p>\u2014Lisa Copeland, presidenta de la junta directiva de FSW y miembro de la junta directiva de La Fundaci\u00f3n de Open Door<\/p>\t\t\t\t\t\t\t\t<\/div>\n\t\t\t\t<\/div>\n\t\t\t\t<\/div>\n\t\t\t\t\t<\/div>\n\t\t\t\t<\/div>\n\t\t<div class=\"elementor-element elementor-element-1c1b24bc e-flex e-con-boxed e-con e-parent\" data-id=\"1c1b24bc\" data-element_type=\"container\" data-e-type=\"container\" data-settings=\"{&quot;jet_parallax_layout_list&quot;:[]}\">\n\t\t\t\t\t<div class=\"e-con-inner\">\n\t\t<div class=\"elementor-element elementor-element-21f924c8 e-con-full e-flex e-con e-child\" data-id=\"21f924c8\" data-element_type=\"container\" data-e-type=\"container\" data-settings=\"{&quot;jet_parallax_layout_list&quot;:[]}\">\n\t\t\t\t<div class=\"elementor-element elementor-element-23c56add elementor-widget elementor-widget-text-editor\" data-id=\"23c56add\" data-element_type=\"widget\" data-e-type=\"widget\" data-widget_type=\"text-editor.default\">\n\t\t\t\t<div class=\"elementor-widget-container\">\n\t\t\t\t\t\t\t\t\t<p>A trav\u00e9s de la Campa\u00f1a 50 M\u00e1s, puede elegir destinar su donaci\u00f3n a apoyar los programas de FSW o Open Door.<\/p>\t\t\t\t\t\t\t\t<\/div>\n\t\t\t\t<\/div>\n\t\t\t\t<\/div>\n\t\t\t\t\t<\/div>\n\t\t\t\t<\/div>\n\t\t<div data-dce-background-color=\"#174880\" class=\"elementor-element elementor-element-ca20958 e-flex e-con-boxed e-con e-parent\" data-id=\"ca20958\" data-element_type=\"container\" data-e-type=\"container\" data-settings=\"{&quot;jet_parallax_layout_list&quot;:[],&quot;background_background&quot;:&quot;classic&quot;}\">\n\t\t\t\t\t<div class=\"e-con-inner\">\n\t\t<div class=\"elementor-element elementor-element-33d4d8e e-con-full e-flex e-con e-child\" data-id=\"33d4d8e\" data-element_type=\"container\" data-e-type=\"container\" data-settings=\"{&quot;jet_parallax_layout_list&quot;:[]}\">\n\t\t<div class=\"elementor-element elementor-element-63ec8483 e-con-full e-flex e-con e-child\" data-id=\"63ec8483\" data-element_type=\"container\" data-e-type=\"container\" data-settings=\"{&quot;jet_parallax_layout_list&quot;:[]}\">\n\t\t\t\t<div class=\"elementor-element elementor-element-6fe563d elementor-widget elementor-widget-heading\" data-id=\"6fe563d\" data-element_type=\"widget\" data-e-type=\"widget\" data-widget_type=\"heading.default\">\n\t\t\t\t<div class=\"elementor-widget-container\">\n\t\t\t\t\t<h2 class=\"elementor-heading-title elementor-size-default\">Obtenga m\u00e1s informaci\u00f3n sobre la Campa\u00f1a 50 M\u00e1s y p\u00f3ngase en contacto directamente con Open Door. <\/h2>\t\t\t\t<\/div>\n\t\t\t\t<\/div>\n\t\t\t\t<\/div>\n\t\t\t\t<\/div>\n\t\t\t\t\t<\/div>\n\t\t\t\t<\/div>\n\t\t<div class=\"elementor-element elementor-element-382e6087 e-flex e-con-boxed e-con e-parent\" data-id=\"382e6087\" data-element_type=\"container\" data-e-type=\"container\" data-settings=\"{&quot;jet_parallax_layout_list&quot;:[]}\">\n\t\t\t\t\t<div class=\"e-con-inner\">\n\t\t<div class=\"elementor-element elementor-element-7d50e6b6 e-flex e-con-boxed e-con e-child\" data-id=\"7d50e6b6\" data-element_type=\"container\" data-e-type=\"container\" data-settings=\"{&quot;jet_parallax_layout_list&quot;:[]}\">\n\t\t\t\t\t<div class=\"e-con-inner\">\n\t\t<div class=\"elementor-element elementor-element-5fa4c88 e-con-full e-flex e-con e-child\" data-id=\"5fa4c88\" data-element_type=\"container\" data-e-type=\"container\" data-settings=\"{&quot;jet_parallax_layout_list&quot;:[]}\">\n\t\t\t\t<div class=\"elementor-element elementor-element-56ff8f4 elementor-widget elementor-widget-jet-button\" data-id=\"56ff8f4\" data-element_type=\"widget\" data-e-type=\"widget\" data-widget_type=\"jet-button.default\">\n\t\t\t\t<div class=\"elementor-widget-container\">\n\t\t\t\t\t<div class=\"elementor-jet-button jet-elements\"><div class=\"jet-button__container\">\n\t<a class=\"jet-button__instance jet-button__instance--icon-left hover-effect-0\" href=\"https:\/\/wl.donorperfect.net\/weblink\/WebLink.aspx?name=E354282&#038;id=71\" target=\"_blank\" rel=\"noopener\">\n\t\t<div class=\"jet-button__plane jet-button__plane-normal\"><\/div>\n\t\t<div class=\"jet-button__plane jet-button__plane-hover\"><\/div>\n\t\t<div class=\"jet-button__state jet-button__state-normal\">\n\t\t\t<span class=\"jet-button__label\">Haga una donaci\u00f3n a la Campa\u00f1a 50 M\u00e1s >><\/span>\t\t<\/div>\n\t\t<div class=\"jet-button__state jet-button__state-hover\">\n\t\t\t<span class=\"jet-button__label\">Haga una donaci\u00f3n a la Campa\u00f1a 50 M\u00e1s >><\/span>\t\t<\/div>\n\t<\/a>\n<\/div>\n<\/div>\t\t\t\t<\/div>\n\t\t\t\t<\/div>\n\t\t\t\t<\/div>\n\t\t<div class=\"elementor-element elementor-element-e54247a e-con-full e-flex e-con e-child\" data-id=\"e54247a\" data-element_type=\"container\" data-e-type=\"container\" data-settings=\"{&quot;jet_parallax_layout_list&quot;:[]}\">\n\t\t<div class=\"elementor-element elementor-element-17eb5edc e-con-full e-flex e-con e-child\" data-id=\"17eb5edc\" data-element_type=\"container\" data-e-type=\"container\" data-settings=\"{&quot;jet_parallax_layout_list&quot;:[]}\">\n\t\t\t\t<div class=\"elementor-element elementor-element-72ec9802 elementor-widget elementor-widget-text-editor\" data-id=\"72ec9802\" data-element_type=\"widget\" data-e-type=\"widget\" data-widget_type=\"text-editor.default\">\n\t\t\t\t<div class=\"elementor-widget-container\">\n\t\t\t\t\t\t\t\t\t<p><strong>\u00danete a nosotros<\/strong> en nuestra <em>Campa\u00f1a 50 M\u00e1s<\/em> para crear una asistencia continuada para todos nuestros vecinos, incluidos los que a menudo carecen de acceso a una atenci\u00f3n m\u00e9dica de alta calidad. Tus aportaciones garantizan que el pr\u00f3ximo medio siglo de Open Door tenga un impacto a\u00fan mayor que el anterior.<\/p>\t\t\t\t\t\t\t\t<\/div>\n\t\t\t\t<\/div>\n\t\t\t\t<\/div>\n\t\t<div class=\"elementor-element elementor-element-390a45a9 e-con-full e-flex e-con e-child\" data-id=\"390a45a9\" data-element_type=\"container\" data-e-type=\"container\" data-settings=\"{&quot;jet_parallax_layout_list&quot;:[]}\">\n\t\t\t\t<div class=\"elementor-element elementor-element-134c60d0 elementor-widget elementor-widget-text-editor\" data-id=\"134c60d0\" data-element_type=\"widget\" data-e-type=\"widget\" data-widget_type=\"text-editor.default\">\n\t\t\t\t<div class=\"elementor-widget-container\">\n\t\t\t\t\t\t\t\t\t<p><b>Elisabeth Gilbert<br \/><\/b>Directora Principal de Desarrollo<br \/>914-502-1417<br \/><strong><a href=\"mailto:egilbert@odfmc.org\">egilbert@odfmc.org<\/a><\/strong><\/p>\t\t\t\t\t\t\t\t<\/div>\n\t\t\t\t<\/div>\n\t\t\t\t<\/div>\n\t\t\t\t<\/div>\n\t\t\t\t\t<\/div>\n\t\t\t\t<\/div>\n\t\t\t\t\t<\/div>\n\t\t\t\t<\/div>\n\t\t\t\t<\/div>\n\t\t","protected":false},"excerpt":{"rendered":"<p>Aporte a nuestros servicios integrales P\u00e1gina de inicio La Necesidad M\u00e1s de cincuenta a\u00f1os de experiencia han reforzado nuestro compromiso con un enfoque integral de la atenci\u00f3n m\u00e9dica. Nos enorgullecemos de la eficacia y eficiencia de nuestros programas; cada d\u00f3lar invertido en nuestra atenci\u00f3n primaria y servicios integrales marca una diferencia significativa en las vidas [&hellip;]<\/p>\n","protected":false},"author":2,"featured_media":0,"parent":1852,"menu_order":0,"comment_status":"closed","ping_status":"closed","template":"","meta":{"_acf_changed":false,"footnotes":""},"class_list":["post-1874","page","type-page","status-publish","hentry"],"acf":[],"_links":{"self":[{"href":"https:\/\/opendoorcarenetwork.org\/es\/wp-json\/wp\/v2\/pages\/1874","targetHints":{"allow":["GET"]}}],"collection":[{"href":"https:\/\/opendoorcarenetwork.org\/es\/wp-json\/wp\/v2\/pages"}],"about":[{"href":"https:\/\/opendoorcarenetwork.org\/es\/wp-json\/wp\/v2\/types\/page"}],"author":[{"embeddable":true,"href":"https:\/\/opendoorcarenetwork.org\/es\/wp-json\/wp\/v2\/users\/2"}],"replies":[{"embeddable":true,"href":"https:\/\/opendoorcarenetwork.org\/es\/wp-json\/wp\/v2\/comments?post=1874"}],"version-history":[{"count":0,"href":"https:\/\/opendoorcarenetwork.org\/es\/wp-json\/wp\/v2\/pages\/1874\/revisions"}],"up":[{"embeddable":true,"href":"https:\/\/opendoorcarenetwork.org\/es\/wp-json\/wp\/v2\/pages\/1852"}],"wp:attachment":[{"href":"https:\/\/opendoorcarenetwork.org\/es\/wp-json\/wp\/v2\/media?parent=1874"}],"curies":[{"name":"wp","href":"https:\/\/api.w.org\/{rel}","templated":true}]}}