{"id":1869,"date":"2024-04-05T10:35:08","date_gmt":"2024-04-05T14:35:08","guid":{"rendered":"https:\/\/opendr2024dev.wpenginepowered.com\/que-hacemos\/programas-de-primera-infancia\/matriculacion-en-head-start-early-head-start\/"},"modified":"2024-10-18T12:01:33","modified_gmt":"2024-10-18T16:01:33","slug":"matriculacion-en-head-start-early-head-start","status":"publish","type":"page","link":"https:\/\/opendoorcarenetwork.org\/es\/que-hacemos\/programas-de-primera-infancia\/matriculacion-en-head-start-early-head-start\/","title":{"rendered":"Matriculaci\u00f3n en Head Start\/Early Head Start"},"content":{"rendered":"\t\t<div data-elementor-type=\"wp-page\" data-elementor-id=\"1869\" class=\"elementor elementor-1869\" data-elementor-post-type=\"page\">\n\t\t\t\t<div data-dce-background-image-url=\"https:\/\/opendoorcarenetwork.org\/wp-content\/uploads\/2024\/04\/educational-offerings-headstart-earlyheadstart-enrollment-page-header.jpg\" class=\"elementor-element elementor-element-78f363a4 e-con-full e-flex e-con e-parent\" data-id=\"78f363a4\" data-element_type=\"container\" data-e-type=\"container\" data-settings=\"{&quot;background_background&quot;:&quot;classic&quot;,&quot;jet_parallax_layout_list&quot;:[]}\">\n\t\t<div data-dce-background-color=\"#007ABC\" class=\"elementor-element elementor-element-de88ea5 e-flex e-con-boxed e-con e-child\" data-id=\"de88ea5\" data-element_type=\"container\" data-e-type=\"container\" data-settings=\"{&quot;background_background&quot;:&quot;gradient&quot;,&quot;jet_parallax_layout_list&quot;:[]}\">\n\t\t\t\t\t<div class=\"e-con-inner\">\n\t\t<div class=\"elementor-element elementor-element-5cdacae9 e-con-full e-flex e-con e-child\" data-id=\"5cdacae9\" data-element_type=\"container\" data-e-type=\"container\" data-settings=\"{&quot;jet_parallax_layout_list&quot;:[]}\">\n\t\t\t\t<div data-dce-title-color=\"#FFFFFF\" class=\"elementor-element elementor-element-38ca0c95 elementor-widget__width-initial elementor-widget-tablet__width-inherit elementor-widget elementor-widget-heading\" data-id=\"38ca0c95\" data-element_type=\"widget\" data-e-type=\"widget\" data-widget_type=\"heading.default\">\n\t\t\t\t<div class=\"elementor-widget-container\">\n\t\t\t\t\t<h1 class=\"elementor-heading-title elementor-size-default\">Head Start \/ Early Head Start<\/h1>\t\t\t\t<\/div>\n\t\t\t\t<\/div>\n\t\t\t\t<\/div>\n\t\t\t\t\t<\/div>\n\t\t\t\t<\/div>\n\t\t\t\t<\/div>\n\t\t<div class=\"elementor-element elementor-element-227235b2 e-flex e-con-boxed e-con e-parent\" data-id=\"227235b2\" data-element_type=\"container\" data-e-type=\"container\" data-settings=\"{&quot;jet_parallax_layout_list&quot;:[]}\">\n\t\t\t\t\t<div class=\"e-con-inner\">\n\t\t<div class=\"elementor-element elementor-element-6da68000 e-flex e-con-boxed e-con e-child\" data-id=\"6da68000\" data-element_type=\"container\" data-e-type=\"container\" data-settings=\"{&quot;jet_parallax_layout_list&quot;:[]}\">\n\t\t\t\t\t<div class=\"e-con-inner\">\n\t\t\t\t<div class=\"elementor-element elementor-element-2164c13d jet-breadcrumbs-on-front-yes jet-breadcrumbs-page-title-yes elementor-widget elementor-widget-jet-breadcrumbs\" data-id=\"2164c13d\" data-element_type=\"widget\" data-e-type=\"widget\" data-widget_type=\"jet-breadcrumbs.default\">\n\t\t\t\t<div class=\"elementor-widget-container\">\n\t\t\t\t\t<div class=\"elementor-jet-breadcrumbs jet-blocks\">\n\t\t<div class=\"jet-breadcrumbs\">\n\t\t<div class=\"jet-breadcrumbs__content\">\n\t\t<div class=\"jet-breadcrumbs__wrap\"><div class=\"jet-breadcrumbs__item\"><a href=\"https:\/\/opendoorcarenetwork.org\/es\/\" class=\"jet-breadcrumbs__item-link is-home\" rel=\"home\" title=\"P\u00e1gina de inicio\">P\u00e1gina de inicio<\/a><\/div>\n\t\t<\/div>\n\t\t<\/div>\n\t\t<\/div><\/div>\t\t\t\t<\/div>\n\t\t\t\t<\/div>\n\t\t\t\t\t<\/div>\n\t\t\t\t<\/div>\n\t\t\t\t\t<\/div>\n\t\t\t\t<\/div>\n\t\t<div class=\"elementor-element elementor-element-7f36776e e-flex e-con-boxed e-con e-parent\" data-id=\"7f36776e\" data-element_type=\"container\" data-e-type=\"container\" data-settings=\"{&quot;jet_parallax_layout_list&quot;:[]}\">\n\t\t\t\t\t<div class=\"e-con-inner\">\n\t\t<div class=\"elementor-element elementor-element-7db3c8a9 e-con-full e-flex e-con e-child\" data-id=\"7db3c8a9\" data-element_type=\"container\" data-e-type=\"container\" data-settings=\"{&quot;jet_parallax_layout_list&quot;:[]}\">\n\t\t<div class=\"elementor-element elementor-element-1c335233 e-con-full e-flex e-con e-child\" data-id=\"1c335233\" data-element_type=\"container\" data-e-type=\"container\" data-settings=\"{&quot;jet_parallax_layout_list&quot;:[]}\">\n\t\t\t\t<div class=\"elementor-element elementor-element-609f6420 elementor-widget elementor-widget-heading\" data-id=\"609f6420\" data-element_type=\"widget\" data-e-type=\"widget\" data-widget_type=\"heading.default\">\n\t\t\t\t<div class=\"elementor-widget-container\">\n\t\t\t\t\t<h2 class=\"elementor-heading-title elementor-size-default\">Averigua si cumples los requisitos<\/h2>\t\t\t\t<\/div>\n\t\t\t\t<\/div>\n\t\t\t\t<div class=\"elementor-element elementor-element-29358d47 elementor-widget elementor-widget-text-editor\" data-id=\"29358d47\" data-element_type=\"widget\" data-e-type=\"widget\" data-widget_type=\"text-editor.default\">\n\t\t\t\t<div class=\"elementor-widget-container\">\n\t\t\t\t\t\t\t\t\t<p>Para solicitar Head Start o Early Head Start, una mujer embarazada, padre o cuidador debe:<\/p>\n<ul>\n<li>Tener una prueba de residencia (como una factura de servicios p\u00fablicos o de tel\u00e9fono)<\/li>\n<li>Estar embarazada y\/o tener un certificado de nacimiento del hijo que solicita la beca<\/li>\n<li>Cumplir los requisitos federales de elegibilidad de ingresos<\/li>\n<\/ul>\n\t\t\t\t\t\t\t\t<\/div>\n\t\t\t\t<\/div>\n\t\t\t\t<\/div>\n\t\t<div class=\"elementor-element elementor-element-39cf2345 e-con-full e-flex e-con e-child\" data-id=\"39cf2345\" data-element_type=\"container\" data-e-type=\"container\" data-settings=\"{&quot;jet_parallax_layout_list&quot;:[]}\">\n\t\t\t\t<div class=\"elementor-element elementor-element-5f68241a elementor-widget elementor-widget-heading\" data-id=\"5f68241a\" data-element_type=\"widget\" data-e-type=\"widget\" data-widget_type=\"heading.default\">\n\t\t\t\t<div class=\"elementor-widget-container\">\n\t\t\t\t\t<h2 class=\"elementor-heading-title elementor-size-default\">C\u00f3mo solicitarlo<\/h2>\t\t\t\t<\/div>\n\t\t\t\t<\/div>\n\t\t\t\t<div class=\"elementor-element elementor-element-29f8ea91 elementor-widget elementor-widget-text-editor\" data-id=\"29f8ea91\" data-element_type=\"widget\" data-e-type=\"widget\" data-widget_type=\"text-editor.default\">\n\t\t\t\t<div class=\"elementor-widget-container\">\n\t\t\t\t\t\t\t\t\t<p>Para iniciar el proceso de solicitud, ponte en contacto con Hope Shapiro Lilian en <a href=\"mailto:Hope.Lilian@fsw.org\">hope.lilian@fsw.org<\/a> o en <a href=\"tel:914-358-5776\">el 914-358-5776<\/a>.<\/p>\n<p>Ella te guiar\u00e1 a trav\u00e9s del proceso y te explicar\u00e1 c\u00f3mo rellenar la solicitud.<\/p>\n<p><a href=\"https:\/\/www.fsw.org\/wp-content\/uploads\/2023\/08\/Head-Start-application-English-and-Spanish-versions.pdf\" target=\"_blank\" rel=\"noopener\">Solicitud de Early Head Start y Head Start<\/a><\/p>\n\t\t\t\t\t\t\t\t<\/div>\n\t\t\t\t<\/div>\n\t\t\t\t<\/div>\n\t\t\t\t<\/div>\n\t\t\t\t\t<\/div>\n\t\t\t\t<\/div>\n\t\t<div class=\"elementor-element elementor-element-140fe6a8 e-flex e-con-boxed e-con e-parent\" data-id=\"140fe6a8\" data-element_type=\"container\" data-e-type=\"container\" data-settings=\"{&quot;jet_parallax_layout_list&quot;:[]}\">\n\t\t\t\t\t<div class=\"e-con-inner\">\n\t\t<div class=\"elementor-element elementor-element-1015ef40 e-flex e-con-boxed e-con e-child\" data-id=\"1015ef40\" data-element_type=\"container\" data-e-type=\"container\" data-settings=\"{&quot;background_background&quot;:&quot;classic&quot;,&quot;jet_parallax_layout_list&quot;:[]}\">\n\t\t\t\t\t<div class=\"e-con-inner\">\n\t\t\t\t<div class=\"elementor-element elementor-element-515f1982 elementor-widget elementor-widget-spacer\" data-id=\"515f1982\" data-element_type=\"widget\" data-e-type=\"widget\" data-widget_type=\"spacer.default\">\n\t\t\t\t<div class=\"elementor-widget-container\">\n\t\t\t\t\t\t\t<div class=\"elementor-spacer\">\n\t\t\t<div class=\"elementor-spacer-inner\"><\/div>\n\t\t<\/div>\n\t\t\t\t\t\t<\/div>\n\t\t\t\t<\/div>\n\t\t\t\t\t<\/div>\n\t\t\t\t<\/div>\n\t\t\t\t\t<\/div>\n\t\t\t\t<\/div>\n\t\t<div class=\"elementor-element elementor-element-66bfb733 e-flex e-con-boxed e-con e-parent\" data-id=\"66bfb733\" data-element_type=\"container\" data-e-type=\"container\" data-settings=\"{&quot;jet_parallax_layout_list&quot;:[]}\">\n\t\t\t\t\t<div class=\"e-con-inner\">\n\t\t<div class=\"elementor-element elementor-element-34a271d9 e-con-full e-flex e-con e-child\" data-id=\"34a271d9\" data-element_type=\"container\" data-e-type=\"container\" data-settings=\"{&quot;jet_parallax_layout_list&quot;:[]}\">\n\t\t<div class=\"elementor-element elementor-element-7584fff2 e-con-full e-flex e-con e-child\" data-id=\"7584fff2\" data-element_type=\"container\" data-e-type=\"container\" data-settings=\"{&quot;jet_parallax_layout_list&quot;:[]}\">\n\t\t\t\t<div class=\"elementor-element elementor-element-56283836 elementor-widget elementor-widget-heading\" data-id=\"56283836\" data-element_type=\"widget\" data-e-type=\"widget\" data-widget_type=\"heading.default\">\n\t\t\t\t<div class=\"elementor-widget-container\">\n\t\t\t\t\t<h2 class=\"elementor-heading-title elementor-size-default\">Localizaciones<\/h2>\t\t\t\t<\/div>\n\t\t\t\t<\/div>\n\t\t\t\t<\/div>\n\t\t\t\t<\/div>\n\t\t<div class=\"elementor-element elementor-element-a7b3b0f e-con-full e-flex e-con e-child\" data-id=\"a7b3b0f\" data-element_type=\"container\" data-e-type=\"container\" data-settings=\"{&quot;jet_parallax_layout_list&quot;:[]}\">\n\t\t<div class=\"elementor-element elementor-element-3efe498 e-con-full e-flex e-con e-child\" data-id=\"3efe498\" data-element_type=\"container\" data-e-type=\"container\" data-settings=\"{&quot;jet_parallax_layout_list&quot;:[]}\">\n\t\t\t\t<div class=\"elementor-element elementor-element-eb3d8c8 elementor-widget elementor-widget-text-editor\" data-id=\"eb3d8c8\" data-element_type=\"widget\" data-e-type=\"widget\" data-widget_type=\"text-editor.default\">\n\t\t\t\t<div class=\"elementor-widget-container\">\n\t\t\t\t\t\t\t\t\t<p>Mount Kisco Head Start<br \/>95 Radio Circle Drive<br \/><strong>Mount Kisco<\/strong>, NY 10549<br \/> 914-244-8825<\/p>\n<p>Discovery Village Guarder\u00eda y Preescolar<br \/>580 White Plains Road<br \/><strong>Tarrytown<\/strong>, NY 10591<br \/> 914-631-1009<\/p>\n<p>Centro de Desarrollo Infantil Collin Allen<br \/>103 W 2nd Street<br \/><strong>Mount Vernon<\/strong>, NY 10550<br \/> 914-664-7005<\/p>\n<p>Port Chester Head Start<br \/>17 Spring Street<br \/><strong>Port Chester<\/strong>, NY 10573<br \/> 914-452-0202<\/p>\n<p>Eastview MS Campus<br \/>350 Main Street<br \/><strong>White Plains<\/strong>, NY 10601<br \/> 914-422-2223<\/p>\n<p>North Street Center<br \/>456 North Street<br \/><strong>White Plains<\/strong>, NY 10605<br \/> 914-428-8225<\/p>\n<p>St. Peter&#8217;s Child Care Center<br \/>204 Hawthorne Avenue<br \/> Yonkers, NY 10705<br \/> 914-476-2152<\/p>\n\t\t\t\t\t\t\t\t<\/div>\n\t\t\t\t<\/div>\n\t\t\t\t<\/div>\n\t\t<div class=\"elementor-element elementor-element-99b747c e-con-full e-flex e-con e-child\" data-id=\"99b747c\" data-element_type=\"container\" data-e-type=\"container\" data-settings=\"{&quot;jet_parallax_layout_list&quot;:[]}\">\n\t\t\t\t<div class=\"elementor-element elementor-element-f777f50 elementor-widget elementor-widget-text-editor\" data-id=\"f777f50\" data-element_type=\"widget\" data-e-type=\"widget\" data-widget_type=\"text-editor.default\">\n\t\t\t\t<div class=\"elementor-widget-container\">\n\t\t\t\t\t\t\t\t\t<p>Boys &amp; Girls Club of Northern Westchester<br \/>351 Main Street<br \/><strong>Mount Kisco<\/strong>, NY 10549<br \/> 914-666-8069<\/p>\n<p>El Centro Ellen Farrar<br \/>\u00a1Pr\u00f3ximamente!<br \/>114 East 4th Street<br \/><strong>Mount Vernon<\/strong>, NY 10550<\/p>\n<p>Centro Infantil de Aprendizaje<br \/>95 Lincoln Avenue<br \/><strong>New Rochelle<\/strong>, NY 10801<br \/> 914-632-0180<\/p>\n<p>Port Chester Head Start &amp; Therapeutic Childcare<br \/>400 Westchester Avenue<br \/><strong>Port Chester<\/strong>, NY 10573<br \/> 914-223-8143<\/p>\n<p>Centro Infantil Lois Bronz<br \/>30 Manhattan Avenue<br \/><strong>White Plains<\/strong>, NY 10607<br \/> 914-761-6134<\/p>\n<p>Escuela Secundaria Rochambeau Alt<br \/>228 Fisher Avenue<br \/><strong>White Plains<\/strong>, NY 10606<br \/> 914-422-2420<\/p>\n<p>Yonkers Children&#8217;s Place<br \/>10 St. Joseph&#8217;s Avenue<br \/> Yonkers, NY 10703<br \/> 914-375-4102<\/p>\n\t\t\t\t\t\t\t\t<\/div>\n\t\t\t\t<\/div>\n\t\t\t\t<\/div>\n\t\t\t\t<\/div>\n\t\t\t\t\t<\/div>\n\t\t\t\t<\/div>\n\t\t<div class=\"elementor-element elementor-element-7be4d5d3 e-flex e-con-boxed e-con e-parent\" data-id=\"7be4d5d3\" data-element_type=\"container\" data-e-type=\"container\" data-settings=\"{&quot;jet_parallax_layout_list&quot;:[]}\">\n\t\t\t\t\t<div class=\"e-con-inner\">\n\t\t<div class=\"elementor-element elementor-element-43e206fb e-flex e-con-boxed e-con e-child\" data-id=\"43e206fb\" data-element_type=\"container\" data-e-type=\"container\" data-settings=\"{&quot;background_background&quot;:&quot;classic&quot;,&quot;jet_parallax_layout_list&quot;:[]}\">\n\t\t\t\t\t<div class=\"e-con-inner\">\n\t\t\t\t<div class=\"elementor-element elementor-element-49e4e663 elementor-widget elementor-widget-spacer\" data-id=\"49e4e663\" data-element_type=\"widget\" data-e-type=\"widget\" data-widget_type=\"spacer.default\">\n\t\t\t\t<div class=\"elementor-widget-container\">\n\t\t\t\t\t\t\t<div class=\"elementor-spacer\">\n\t\t\t<div class=\"elementor-spacer-inner\"><\/div>\n\t\t<\/div>\n\t\t\t\t\t\t<\/div>\n\t\t\t\t<\/div>\n\t\t\t\t\t<\/div>\n\t\t\t\t<\/div>\n\t\t\t\t\t<\/div>\n\t\t\t\t<\/div>\n\t\t<div class=\"elementor-element elementor-element-1c1b625c e-flex e-con-boxed e-con e-parent\" data-id=\"1c1b625c\" data-element_type=\"container\" data-e-type=\"container\" data-settings=\"{&quot;jet_parallax_layout_list&quot;:[]}\">\n\t\t\t\t\t<div class=\"e-con-inner\">\n\t\t<div class=\"elementor-element elementor-element-5e20209c e-con-full e-flex e-con e-child\" data-id=\"5e20209c\" data-element_type=\"container\" data-e-type=\"container\" data-settings=\"{&quot;jet_parallax_layout_list&quot;:[]}\">\n\t\t\t\t<div class=\"elementor-element elementor-element-78a763af elementor-widget elementor-widget-heading\" data-id=\"78a763af\" data-element_type=\"widget\" data-e-type=\"widget\" data-widget_type=\"heading.default\">\n\t\t\t\t<div class=\"elementor-widget-container\">\n\t\t\t\t\t<h2 class=\"elementor-heading-title elementor-size-default\">Informaci\u00f3n de contacto<\/h2>\t\t\t\t<\/div>\n\t\t\t\t<\/div>\n\t\t\t\t<div class=\"elementor-element elementor-element-6de97f8e elementor-widget elementor-widget-text-editor\" data-id=\"6de97f8e\" data-element_type=\"widget\" data-e-type=\"widget\" data-widget_type=\"text-editor.default\">\n\t\t\t\t<div class=\"elementor-widget-container\">\n\t\t\t\t\t\t\t\t\t<p>Administraci\u00f3n de la Primera Infancia<br \/>Lonay Harris, Directora de Operaciones del Programa<br \/> 914-557-1228<\/p>\n<p>Hope Shapiro Lilian, MS, LMSW, Directora de Participaci\u00f3n Familiar y Comunitaria<br \/> 914-358-5692<br \/><a href=\"mailto:hope.lilian@fsw.org\">hope.lilian@fsw.org<\/a><\/p>\n<p>Maria Pilco, Coordinadora de Early Head Start<br \/> 914-761-2731, Ext. 14<br \/><a href=\"mailto:mpilco@fsw.org\">mpilco@fsw.org<\/a><\/p>\n\t\t\t\t\t\t\t\t<\/div>\n\t\t\t\t<\/div>\n\t\t\t\t<\/div>\n\t\t\t\t\t<\/div>\n\t\t\t\t<\/div>\n\t\t\t\t<\/div>\n\t\t","protected":false},"excerpt":{"rendered":"<p>Head Start \/ Early Head Start Homepage Averigua si cumples los requisitos Para solicitar Head Start o Early Head Start, una mujer embarazada, padre o cuidador debe: Tener una prueba de residencia (como una factura de servicios p\u00fablicos o de tel\u00e9fono) Estar embarazada y\/o tener un certificado de nacimiento del hijo que solicita la beca [&hellip;]<\/p>\n","protected":false},"author":2,"featured_media":1103,"parent":1868,"menu_order":0,"comment_status":"closed","ping_status":"closed","template":"","meta":{"_acf_changed":false,"footnotes":""},"class_list":["post-1869","page","type-page","status-publish","has-post-thumbnail","hentry"],"acf":[],"_links":{"self":[{"href":"https:\/\/opendoorcarenetwork.org\/es\/wp-json\/wp\/v2\/pages\/1869","targetHints":{"allow":["GET"]}}],"collection":[{"href":"https:\/\/opendoorcarenetwork.org\/es\/wp-json\/wp\/v2\/pages"}],"about":[{"href":"https:\/\/opendoorcarenetwork.org\/es\/wp-json\/wp\/v2\/types\/page"}],"author":[{"embeddable":true,"href":"https:\/\/opendoorcarenetwork.org\/es\/wp-json\/wp\/v2\/users\/2"}],"replies":[{"embeddable":true,"href":"https:\/\/opendoorcarenetwork.org\/es\/wp-json\/wp\/v2\/comments?post=1869"}],"version-history":[{"count":0,"href":"https:\/\/opendoorcarenetwork.org\/es\/wp-json\/wp\/v2\/pages\/1869\/revisions"}],"up":[{"embeddable":true,"href":"https:\/\/opendoorcarenetwork.org\/es\/wp-json\/wp\/v2\/pages\/1868"}],"wp:featuredmedia":[{"embeddable":true,"href":"https:\/\/opendoorcarenetwork.org\/es\/wp-json\/wp\/v2\/media\/1103"}],"wp:attachment":[{"href":"https:\/\/opendoorcarenetwork.org\/es\/wp-json\/wp\/v2\/media?parent=1869"}],"curies":[{"name":"wp","href":"https:\/\/api.w.org\/{rel}","templated":true}]}}