{"id":1864,"date":"2024-04-05T10:36:05","date_gmt":"2024-04-05T14:36:05","guid":{"rendered":"https:\/\/opendr2024dev.wpenginepowered.com\/hora-punta\/"},"modified":"2024-10-18T12:01:33","modified_gmt":"2024-10-18T16:01:33","slug":"hora-punta","status":"publish","type":"page","link":"https:\/\/opendoorcarenetwork.org\/es\/que-hacemos\/programas-de-primera-infancia\/hora-punta\/","title":{"rendered":"Hora punta"},"content":{"rendered":"\t\t<div data-elementor-type=\"wp-page\" data-elementor-id=\"1864\" class=\"elementor elementor-1864\" data-elementor-post-type=\"page\">\n\t\t\t\t<div data-dce-background-image-url=\"https:\/\/opendoorcarenetwork.org\/wp-content\/uploads\/2024\/04\/education-offerings-primetime-header.jpg\" class=\"elementor-element elementor-element-1425204b e-con-full e-flex e-con e-parent\" data-id=\"1425204b\" data-element_type=\"container\" data-e-type=\"container\" data-settings=\"{&quot;background_background&quot;:&quot;classic&quot;,&quot;jet_parallax_layout_list&quot;:[]}\">\n\t\t<div data-dce-background-color=\"#007ABC\" class=\"elementor-element elementor-element-59946d5 e-flex e-con-boxed e-con e-child\" data-id=\"59946d5\" data-element_type=\"container\" data-e-type=\"container\" data-settings=\"{&quot;background_background&quot;:&quot;gradient&quot;,&quot;jet_parallax_layout_list&quot;:[]}\">\n\t\t\t\t\t<div class=\"e-con-inner\">\n\t\t<div class=\"elementor-element elementor-element-7b61a24a e-con-full e-flex e-con e-child\" data-id=\"7b61a24a\" data-element_type=\"container\" data-e-type=\"container\" data-settings=\"{&quot;jet_parallax_layout_list&quot;:[]}\">\n\t\t\t\t<div class=\"elementor-element elementor-element-2e1511c0 elementor-widget__width-initial elementor-widget-tablet__width-inherit elementor-widget elementor-widget-heading\" data-id=\"2e1511c0\" data-element_type=\"widget\" data-e-type=\"widget\" data-widget_type=\"heading.default\">\n\t\t\t\t<div class=\"elementor-widget-container\">\n\t\t\t\t\t<h1 class=\"elementor-heading-title elementor-size-default\">Hora punta<\/h1>\t\t\t\t<\/div>\n\t\t\t\t<\/div>\n\t\t\t\t<\/div>\n\t\t\t\t\t<\/div>\n\t\t\t\t<\/div>\n\t\t\t\t<\/div>\n\t\t<div class=\"elementor-element elementor-element-bdc433d e-flex e-con-boxed e-con e-parent\" data-id=\"bdc433d\" data-element_type=\"container\" data-e-type=\"container\" data-settings=\"{&quot;jet_parallax_layout_list&quot;:[]}\">\n\t\t\t\t\t<div class=\"e-con-inner\">\n\t\t<div class=\"elementor-element elementor-element-527455f2 e-flex e-con-boxed e-con e-child\" data-id=\"527455f2\" data-element_type=\"container\" data-e-type=\"container\" data-settings=\"{&quot;jet_parallax_layout_list&quot;:[]}\">\n\t\t\t\t\t<div class=\"e-con-inner\">\n\t\t\t\t<div class=\"elementor-element elementor-element-44e837dd jet-breadcrumbs-on-front-yes jet-breadcrumbs-page-title-yes elementor-widget elementor-widget-jet-breadcrumbs\" data-id=\"44e837dd\" data-element_type=\"widget\" data-e-type=\"widget\" data-widget_type=\"jet-breadcrumbs.default\">\n\t\t\t\t<div class=\"elementor-widget-container\">\n\t\t\t\t\t<div class=\"elementor-jet-breadcrumbs jet-blocks\">\n\t\t<div class=\"jet-breadcrumbs\">\n\t\t<div class=\"jet-breadcrumbs__content\">\n\t\t<div class=\"jet-breadcrumbs__wrap\"><div class=\"jet-breadcrumbs__item\"><a href=\"https:\/\/opendoorcarenetwork.org\/es\/\" class=\"jet-breadcrumbs__item-link is-home\" rel=\"home\" title=\"P\u00e1gina de inicio\">P\u00e1gina de inicio<\/a><\/div>\n\t\t<\/div>\n\t\t<\/div>\n\t\t<\/div><\/div>\t\t\t\t<\/div>\n\t\t\t\t<\/div>\n\t\t\t\t\t<\/div>\n\t\t\t\t<\/div>\n\t\t\t\t\t<\/div>\n\t\t\t\t<\/div>\n\t\t<div class=\"elementor-element elementor-element-7756858 e-flex e-con-boxed e-con e-parent\" data-id=\"7756858\" data-element_type=\"container\" data-e-type=\"container\" data-settings=\"{&quot;jet_parallax_layout_list&quot;:[]}\">\n\t\t\t\t\t<div class=\"e-con-inner\">\n\t\t<div class=\"elementor-element elementor-element-1d70088c e-con-full e-flex e-con e-child\" data-id=\"1d70088c\" data-element_type=\"container\" data-e-type=\"container\" data-settings=\"{&quot;jet_parallax_layout_list&quot;:[]}\">\n\t\t<div class=\"elementor-element elementor-element-3fa62127 e-con-full e-flex e-con e-child\" data-id=\"3fa62127\" data-element_type=\"container\" data-e-type=\"container\" data-settings=\"{&quot;jet_parallax_layout_list&quot;:[]}\">\n\t\t\t\t<div class=\"elementor-element elementor-element-43cd2758 elementor-widget elementor-widget-heading\" data-id=\"43cd2758\" data-element_type=\"widget\" data-e-type=\"widget\" data-widget_type=\"heading.default\">\n\t\t\t\t<div class=\"elementor-widget-container\">\n\t\t\t\t\t<h2 class=\"elementor-heading-title elementor-size-default\">Admisibilidad e inscripci\u00f3n<\/h2>\t\t\t\t<\/div>\n\t\t\t\t<\/div>\n\t\t\t\t<div class=\"elementor-element elementor-element-670b3ded elementor-widget elementor-widget-text-editor\" data-id=\"670b3ded\" data-element_type=\"widget\" data-e-type=\"widget\" data-widget_type=\"text-editor.default\">\n\t\t\t\t<div class=\"elementor-widget-container\">\n\t\t\t\t\t\t\t\t\t<p>Confirma la elegibilidad de tu hijo poni\u00e9ndote en contacto con el Comit\u00e9 de Educaci\u00f3n Especial Preescolar (CPSE) de tu localidad. El CPSE verificar\u00e1 que tu hijo cumple los requisitos para uno de los siguientes: <\/p>\n<ol>\n<li>Colocaci\u00f3n inicial en un programa basado en un centro<\/li>\n<li>Transici\u00f3n desde la intervenci\u00f3n temprana o<\/li>\n<li>Busca un traslado desde otro programa preescolar de educaci\u00f3n especial.<\/li>\n<\/ol>\n<p>Si tu hijo cumple los requisitos, el CPSE te ayudar\u00e1 con la inscripci\u00f3n.<\/p>\n\t\t\t\t\t\t\t\t<\/div>\n\t\t\t\t<\/div>\n\t\t\t\t<\/div>\n\t\t<div class=\"elementor-element elementor-element-8b64d3c e-con-full e-flex e-con e-child\" data-id=\"8b64d3c\" data-element_type=\"container\" data-e-type=\"container\" data-settings=\"{&quot;jet_parallax_layout_list&quot;:[]}\">\n\t\t\t\t<div class=\"elementor-element elementor-element-40a0c50d elementor-widget elementor-widget-heading\" data-id=\"40a0c50d\" data-element_type=\"widget\" data-e-type=\"widget\" data-widget_type=\"heading.default\">\n\t\t\t\t<div class=\"elementor-widget-container\">\n\t\t\t\t\t<h2 class=\"elementor-heading-title elementor-size-default\">Un Departamento de Educaci\u00f3n del Estado de Nueva York Aprobado 4410 Educaci\u00f3n Especial Preescolar<\/h2>\t\t\t\t<\/div>\n\t\t\t\t<\/div>\n\t\t\t\t<div class=\"elementor-element elementor-element-7570ddc1 elementor-widget elementor-widget-text-editor\" data-id=\"7570ddc1\" data-element_type=\"widget\" data-e-type=\"widget\" data-widget_type=\"text-editor.default\">\n\t\t\t\t<div class=\"elementor-widget-container\">\n\t\t\t\t\t\t\t\t\t<p>Situado en White Plains<\/p>\n<p>Al servicio de los condados de Westchester y Putnam<\/p>\n<p>La financiaci\u00f3n parcial de Prime Time procede de:<br \/>Departamento de Salud del Condado de Westchester<\/p>\n\t\t\t\t\t\t\t\t<\/div>\n\t\t\t\t<\/div>\n\t\t\t\t<\/div>\n\t\t\t\t<\/div>\n\t\t\t\t\t<\/div>\n\t\t\t\t<\/div>\n\t\t<div class=\"elementor-element elementor-element-7421cea e-flex e-con-boxed e-con e-parent\" data-id=\"7421cea\" data-element_type=\"container\" data-e-type=\"container\" data-settings=\"{&quot;jet_parallax_layout_list&quot;:[]}\">\n\t\t\t\t\t<div class=\"e-con-inner\">\n\t\t<div class=\"elementor-element elementor-element-361d933c e-flex e-con-boxed e-con e-child\" data-id=\"361d933c\" data-element_type=\"container\" data-e-type=\"container\" data-settings=\"{&quot;background_background&quot;:&quot;classic&quot;,&quot;jet_parallax_layout_list&quot;:[]}\">\n\t\t\t\t\t<div class=\"e-con-inner\">\n\t\t\t\t<div class=\"elementor-element elementor-element-78cbf261 elementor-widget elementor-widget-spacer\" data-id=\"78cbf261\" data-element_type=\"widget\" data-e-type=\"widget\" data-widget_type=\"spacer.default\">\n\t\t\t\t<div class=\"elementor-widget-container\">\n\t\t\t\t\t\t\t<div class=\"elementor-spacer\">\n\t\t\t<div class=\"elementor-spacer-inner\"><\/div>\n\t\t<\/div>\n\t\t\t\t\t\t<\/div>\n\t\t\t\t<\/div>\n\t\t\t\t\t<\/div>\n\t\t\t\t<\/div>\n\t\t\t\t\t<\/div>\n\t\t\t\t<\/div>\n\t\t<div class=\"elementor-element elementor-element-75e89b8e e-flex e-con-boxed e-con e-parent\" data-id=\"75e89b8e\" data-element_type=\"container\" data-e-type=\"container\" data-settings=\"{&quot;jet_parallax_layout_list&quot;:[]}\">\n\t\t\t\t\t<div class=\"e-con-inner\">\n\t\t<div class=\"elementor-element elementor-element-740ca6e8 e-con-full e-flex e-con e-child\" data-id=\"740ca6e8\" data-element_type=\"container\" data-e-type=\"container\" data-settings=\"{&quot;jet_parallax_layout_list&quot;:[]}\">\n\t\t\t\t<div class=\"elementor-element elementor-element-46e265ea elementor-widget elementor-widget-heading\" data-id=\"46e265ea\" data-element_type=\"widget\" data-e-type=\"widget\" data-widget_type=\"heading.default\">\n\t\t\t\t<div class=\"elementor-widget-container\">\n\t\t\t\t\t<h2 class=\"elementor-heading-title elementor-size-default\">Sobre Prime Time<\/h2>\t\t\t\t<\/div>\n\t\t\t\t<\/div>\n\t\t\t\t<div class=\"elementor-element elementor-element-27b91b34 elementor-widget elementor-widget-text-editor\" data-id=\"27b91b34\" data-element_type=\"widget\" data-e-type=\"widget\" data-widget_type=\"text-editor.default\">\n\t\t\t\t<div class=\"elementor-widget-container\">\n\t\t\t\t\t\t\t\t\t<p>Prime Time reconoce que la intervenci\u00f3n temprana es clave para abordar y mitigar los retrasos en el desarrollo de los ni\u00f1os. El programa Prime Time ofrece un entorno adecuado al desarrollo que proporciona a cada ni\u00f1o los apoyos individuales que necesita para jugar, aprender, crecer y prosperar. <\/p>\n<p>Prime Time proporciona a los ni\u00f1os de preescolar de 2,8 a 5 a\u00f1os una experiencia en el aula enriquecedora y con lenguaje. Se proporciona transporte de puerta a puerta en autob\u00fas, as\u00ed como desayuno, comida y merienda nutritivos. <\/p>\n<p>Todos los servicios se prestan sin coste alguno para los padres o cuidadores.<\/p>\n<p>El horario escolar es de 8:00 a 15:00 en nuestras tres sedes de White Plains.<\/p>\n<ul>\n<li><strong>North Street Center<\/strong> (Oficina Administrativa del NYSED)<br \/>456 North Street<br \/>White Plains, NY 10605<br \/> 914-708-6294<br \/>(914) 761-1953 fax\n<\/li>\n<li><strong>Centro Rochambeau<\/strong><br \/>228 Avenida Fisher<br \/> 914-997-0147\n<\/li>\n<li><strong>Centro Lanza para Todas las Edades<\/strong><br \/>106 N. Broadway<br \/>White Plains, NY 10603<br \/> 914-358-5571<\/li>\n<\/ul>\n\t\t\t\t\t\t\t\t<\/div>\n\t\t\t\t<\/div>\n\t\t\t\t<\/div>\n\t\t\t\t\t<\/div>\n\t\t\t\t<\/div>\n\t\t<div class=\"elementor-element elementor-element-34ee66c e-flex e-con-boxed e-con e-parent\" data-id=\"34ee66c\" data-element_type=\"container\" data-e-type=\"container\" data-settings=\"{&quot;jet_parallax_layout_list&quot;:[]}\">\n\t\t\t\t\t<div class=\"e-con-inner\">\n\t\t<div class=\"elementor-element elementor-element-58096c5d e-flex e-con-boxed e-con e-child\" data-id=\"58096c5d\" data-element_type=\"container\" data-e-type=\"container\" data-settings=\"{&quot;background_background&quot;:&quot;classic&quot;,&quot;jet_parallax_layout_list&quot;:[]}\">\n\t\t\t\t\t<div class=\"e-con-inner\">\n\t\t\t\t<div class=\"elementor-element elementor-element-6b2e168e elementor-widget elementor-widget-spacer\" data-id=\"6b2e168e\" data-element_type=\"widget\" data-e-type=\"widget\" data-widget_type=\"spacer.default\">\n\t\t\t\t<div class=\"elementor-widget-container\">\n\t\t\t\t\t\t\t<div class=\"elementor-spacer\">\n\t\t\t<div class=\"elementor-spacer-inner\"><\/div>\n\t\t<\/div>\n\t\t\t\t\t\t<\/div>\n\t\t\t\t<\/div>\n\t\t\t\t\t<\/div>\n\t\t\t\t<\/div>\n\t\t\t\t\t<\/div>\n\t\t\t\t<\/div>\n\t\t<div class=\"elementor-element elementor-element-669e76d8 e-flex e-con-boxed e-con e-parent\" data-id=\"669e76d8\" data-element_type=\"container\" data-e-type=\"container\" data-settings=\"{&quot;jet_parallax_layout_list&quot;:[]}\">\n\t\t\t\t\t<div class=\"e-con-inner\">\n\t\t<div class=\"elementor-element elementor-element-6762fe5f e-con-full e-flex e-con e-child\" data-id=\"6762fe5f\" data-element_type=\"container\" data-e-type=\"container\" data-settings=\"{&quot;jet_parallax_layout_list&quot;:[]}\">\n\t\t\t\t<div class=\"elementor-element elementor-element-3d666a5e elementor-widget elementor-widget-heading\" data-id=\"3d666a5e\" data-element_type=\"widget\" data-e-type=\"widget\" data-widget_type=\"heading.default\">\n\t\t\t\t<div class=\"elementor-widget-container\">\n\t\t\t\t\t<h2 class=\"elementor-heading-title elementor-size-default\">Servicios especializados<\/h2>\t\t\t\t<\/div>\n\t\t\t\t<\/div>\n\t\t\t\t<div class=\"elementor-element elementor-element-653f783e elementor-widget elementor-widget-text-editor\" data-id=\"653f783e\" data-element_type=\"widget\" data-e-type=\"widget\" data-widget_type=\"text-editor.default\">\n\t\t\t\t<div class=\"elementor-widget-container\">\n\t\t\t\t\t\t\t\t\t<ul>\n<li>Clases especiales: 8:1:2, 12:1:2 y SCIS (integrado)<\/li>\n<li>Curr\u00edculo de Aprendizaje Socioemocional (SEL) de Segundo Paso<\/li>\n<li>Apoyos conductuales positivos<\/li>\n<li>Plan de estudios rico en idiomas<\/li>\n<li>PT, OT, logopedia, asesoramiento y terapia de alimentaci\u00f3n<\/li>\n<li>Asesoramiento y formaci\u00f3n de padres<\/li>\n<li>Gimnasio sensorial y parque infantil<\/li>\n<li>Lecciones y materiales individualizados y adecuados al desarrollo<\/li>\n<li>Profesores titulados y cualificados<\/li>\n<\/ul>\n\t\t\t\t\t\t\t\t<\/div>\n\t\t\t\t<\/div>\n\t\t\t\t<\/div>\n\t\t\t\t\t<\/div>\n\t\t\t\t<\/div>\n\t\t<div class=\"elementor-element elementor-element-196055c e-flex e-con-boxed e-con e-parent\" data-id=\"196055c\" data-element_type=\"container\" data-e-type=\"container\" data-settings=\"{&quot;jet_parallax_layout_list&quot;:[]}\">\n\t\t\t\t\t<div class=\"e-con-inner\">\n\t\t<div class=\"elementor-element elementor-element-1e277fd e-flex e-con-boxed e-con e-child\" data-id=\"1e277fd\" data-element_type=\"container\" data-e-type=\"container\" data-settings=\"{&quot;background_background&quot;:&quot;classic&quot;,&quot;jet_parallax_layout_list&quot;:[]}\">\n\t\t\t\t\t<div class=\"e-con-inner\">\n\t\t\t\t<div class=\"elementor-element elementor-element-4e159e9 elementor-widget elementor-widget-spacer\" data-id=\"4e159e9\" data-element_type=\"widget\" data-e-type=\"widget\" data-widget_type=\"spacer.default\">\n\t\t\t\t<div class=\"elementor-widget-container\">\n\t\t\t\t\t\t\t<div class=\"elementor-spacer\">\n\t\t\t<div class=\"elementor-spacer-inner\"><\/div>\n\t\t<\/div>\n\t\t\t\t\t\t<\/div>\n\t\t\t\t<\/div>\n\t\t\t\t\t<\/div>\n\t\t\t\t<\/div>\n\t\t\t\t\t<\/div>\n\t\t\t\t<\/div>\n\t\t<div class=\"elementor-element elementor-element-a28eb9c e-flex e-con-boxed e-con e-parent\" data-id=\"a28eb9c\" data-element_type=\"container\" data-e-type=\"container\" data-settings=\"{&quot;jet_parallax_layout_list&quot;:[]}\">\n\t\t\t\t\t<div class=\"e-con-inner\">\n\t\t<div class=\"elementor-element elementor-element-d8adb33 e-con-full e-flex e-con e-child\" data-id=\"d8adb33\" data-element_type=\"container\" data-e-type=\"container\" data-settings=\"{&quot;jet_parallax_layout_list&quot;:[]}\">\n\t\t\t\t<div class=\"elementor-element elementor-element-49a5046 elementor-widget elementor-widget-heading\" data-id=\"49a5046\" data-element_type=\"widget\" data-e-type=\"widget\" data-widget_type=\"heading.default\">\n\t\t\t\t<div class=\"elementor-widget-container\">\n\t\t\t\t\t<h2 class=\"elementor-heading-title elementor-size-default\">Informaci\u00f3n de contacto<\/h2>\t\t\t\t<\/div>\n\t\t\t\t<\/div>\n\t\t\t\t<div class=\"elementor-element elementor-element-58103f9 elementor-widget elementor-widget-text-editor\" data-id=\"58103f9\" data-element_type=\"widget\" data-e-type=\"widget\" data-widget_type=\"text-editor.default\">\n\t\t\t\t<div class=\"elementor-widget-container\">\n\t\t\t\t\t\t\t\t\t<p>Roshnie Samlal, MSEd<br> Coordinadora del IEP<br> Preescolar Terap\u00e9utico Prime Time<br> 914-758-2048<br><a href=\"mailto:Roshnie.Samlal@FSW.org\">Roshnie.Samlal@FSW.org<\/a><\/p>\t\t\t\t\t\t\t\t<\/div>\n\t\t\t\t<\/div>\n\t\t\t\t<\/div>\n\t\t\t\t\t<\/div>\n\t\t\t\t<\/div>\n\t\t\t\t<\/div>\n\t\t","protected":false},"excerpt":{"rendered":"<p>Hora punta Homepage Admisibilidad e inscripci\u00f3n Confirma la elegibilidad de tu hijo poni\u00e9ndote en contacto con el Comit\u00e9 de Educaci\u00f3n Especial Preescolar (CPSE) de tu localidad. El CPSE verificar\u00e1 que tu hijo cumple los requisitos para uno de los siguientes: Colocaci\u00f3n inicial en un programa basado en un centro Transici\u00f3n desde la intervenci\u00f3n temprana o [&hellip;]<\/p>\n","protected":false},"author":2,"featured_media":1102,"parent":1868,"menu_order":0,"comment_status":"closed","ping_status":"closed","template":"","meta":{"_acf_changed":false,"footnotes":""},"class_list":["post-1864","page","type-page","status-publish","has-post-thumbnail","hentry"],"acf":[],"_links":{"self":[{"href":"https:\/\/opendoorcarenetwork.org\/es\/wp-json\/wp\/v2\/pages\/1864","targetHints":{"allow":["GET"]}}],"collection":[{"href":"https:\/\/opendoorcarenetwork.org\/es\/wp-json\/wp\/v2\/pages"}],"about":[{"href":"https:\/\/opendoorcarenetwork.org\/es\/wp-json\/wp\/v2\/types\/page"}],"author":[{"embeddable":true,"href":"https:\/\/opendoorcarenetwork.org\/es\/wp-json\/wp\/v2\/users\/2"}],"replies":[{"embeddable":true,"href":"https:\/\/opendoorcarenetwork.org\/es\/wp-json\/wp\/v2\/comments?post=1864"}],"version-history":[{"count":0,"href":"https:\/\/opendoorcarenetwork.org\/es\/wp-json\/wp\/v2\/pages\/1864\/revisions"}],"up":[{"embeddable":true,"href":"https:\/\/opendoorcarenetwork.org\/es\/wp-json\/wp\/v2\/pages\/1868"}],"wp:featuredmedia":[{"embeddable":true,"href":"https:\/\/opendoorcarenetwork.org\/es\/wp-json\/wp\/v2\/media\/1102"}],"wp:attachment":[{"href":"https:\/\/opendoorcarenetwork.org\/es\/wp-json\/wp\/v2\/media?parent=1864"}],"curies":[{"name":"wp","href":"https:\/\/api.w.org\/{rel}","templated":true}]}}