{"id":1856,"date":"2024-04-05T10:31:36","date_gmt":"2024-04-05T14:31:36","guid":{"rendered":"https:\/\/opendr2024dev.wpenginepowered.com\/declaracion-de-derechos-del-donante\/"},"modified":"2025-03-11T13:50:25","modified_gmt":"2025-03-11T17:50:25","slug":"declaracion-de-derechos-del-donante","status":"publish","type":"page","link":"https:\/\/opendoorcarenetwork.org\/es\/declaracion-de-derechos-del-donante\/","title":{"rendered":"Declaraci\u00f3n de derechos del donante"},"content":{"rendered":"\t\t<div data-elementor-type=\"wp-page\" data-elementor-id=\"1856\" class=\"elementor elementor-1856 elementor-45\" data-elementor-post-type=\"page\">\n\t\t\t\t<div class=\"elementor-element elementor-element-4a805a5b e-con-full e-flex e-con e-parent\" data-id=\"4a805a5b\" data-element_type=\"container\" data-e-type=\"container\" data-settings=\"{&quot;background_background&quot;:&quot;classic&quot;,&quot;jet_parallax_layout_list&quot;:[]}\">\n\t\t<div data-dce-background-color=\"#007ABC\" class=\"elementor-element elementor-element-6412db4a e-flex e-con-boxed e-con e-child\" data-id=\"6412db4a\" data-element_type=\"container\" data-e-type=\"container\" data-settings=\"{&quot;background_background&quot;:&quot;gradient&quot;,&quot;jet_parallax_layout_list&quot;:[]}\">\n\t\t\t\t\t<div class=\"e-con-inner\">\n\t\t<div class=\"elementor-element elementor-element-68456693 e-con-full e-flex e-con e-child\" data-id=\"68456693\" data-element_type=\"container\" data-e-type=\"container\" data-settings=\"{&quot;jet_parallax_layout_list&quot;:[]}\">\n\t\t\t\t<div class=\"elementor-element elementor-element-6b86469c elementor-widget elementor-widget-heading\" data-id=\"6b86469c\" data-element_type=\"widget\" data-e-type=\"widget\" data-widget_type=\"heading.default\">\n\t\t\t\t<div class=\"elementor-widget-container\">\n\t\t\t\t\t<h1 class=\"elementor-heading-title elementor-size-default\">Declaraci\u00f3n de derechos del donante<\/h1>\t\t\t\t<\/div>\n\t\t\t\t<\/div>\n\t\t\t\t<\/div>\n\t\t\t\t\t<\/div>\n\t\t\t\t<\/div>\n\t\t\t\t<\/div>\n\t\t<div class=\"elementor-element elementor-element-63fa197e e-flex e-con-boxed e-con e-parent\" data-id=\"63fa197e\" data-element_type=\"container\" data-e-type=\"container\" data-settings=\"{&quot;jet_parallax_layout_list&quot;:[]}\">\n\t\t\t\t\t<div class=\"e-con-inner\">\n\t\t<div class=\"elementor-element elementor-element-3daa505 e-flex e-con-boxed e-con e-child\" data-id=\"3daa505\" data-element_type=\"container\" data-e-type=\"container\" data-settings=\"{&quot;jet_parallax_layout_list&quot;:[]}\">\n\t\t\t\t\t<div class=\"e-con-inner\">\n\t\t\t\t<div class=\"elementor-element elementor-element-2e87e40c jet-breadcrumbs-on-front-yes jet-breadcrumbs-page-title-yes elementor-widget elementor-widget-jet-breadcrumbs\" data-id=\"2e87e40c\" data-element_type=\"widget\" data-e-type=\"widget\" data-widget_type=\"jet-breadcrumbs.default\">\n\t\t\t\t<div class=\"elementor-widget-container\">\n\t\t\t\t\t<div class=\"elementor-jet-breadcrumbs jet-blocks\">\n\t\t<div class=\"jet-breadcrumbs\">\n\t\t<div class=\"jet-breadcrumbs__content\">\n\t\t<div class=\"jet-breadcrumbs__wrap\"><div class=\"jet-breadcrumbs__item\"><a href=\"https:\/\/opendoorcarenetwork.org\/es\/\" class=\"jet-breadcrumbs__item-link is-home\" rel=\"home\" title=\"P\u00e1gina de inicio\">P\u00e1gina de inicio<\/a><\/div>\n\t\t<\/div>\n\t\t<\/div>\n\t\t<\/div><\/div>\t\t\t\t<\/div>\n\t\t\t\t<\/div>\n\t\t\t\t\t<\/div>\n\t\t\t\t<\/div>\n\t\t\t\t\t<\/div>\n\t\t\t\t<\/div>\n\t\t<div class=\"elementor-element elementor-element-2b8ad5b3 e-flex e-con-boxed e-con e-parent\" data-id=\"2b8ad5b3\" data-element_type=\"container\" data-e-type=\"container\" data-settings=\"{&quot;jet_parallax_layout_list&quot;:[]}\">\n\t\t\t\t\t<div class=\"e-con-inner\">\n\t\t<div class=\"elementor-element elementor-element-36b9aab0 e-con-full e-flex e-con e-child\" data-id=\"36b9aab0\" data-element_type=\"container\" data-e-type=\"container\" data-settings=\"{&quot;jet_parallax_layout_list&quot;:[]}\">\n\t\t\t\t<div class=\"elementor-element elementor-element-47ba2410 elementor-widget elementor-widget-text-editor\" data-id=\"47ba2410\" data-element_type=\"widget\" data-e-type=\"widget\" data-widget_type=\"text-editor.default\">\n\t\t\t\t<div class=\"elementor-widget-container\">\n\t\t\t\t\t\t\t\t\t<p>La filantrop\u00eda se basa en la acci\u00f3n voluntaria por el bien com\u00fan. Es una tradici\u00f3n de dar y compartir que es primordial para la calidad de vida. Para garantizar que la filantrop\u00eda merezca el respeto y la confianza del p\u00fablico en general, y que los donantes y posibles donantes puedan confiar plenamente en las organizaciones sin <span class=\"TextRun Highlight SCXW80828399 BCX0\" lang=\"ES-ES\" xml:lang=\"ES-ES\" data-contrast=\"none\"><span class=\"NormalTextRun SCXW80828399 BCX0\">fines<\/span><\/span> de lucro y en las causas que se les pide que apoyen, declaramos que todos los donantes tienen estos derechos:<\/p><ol><li>Ser informado de la misi\u00f3n de la organizaci\u00f3n, de la forma en que la organizaci\u00f3n pretende utilizar los recursos donados y de su capacidad para utilizar las donaciones eficazmente para los fines previstos.<\/li><li>Estar informado de la identidad de los miembros de la junta directiva de la organizaci\u00f3n y esperar que la junta ejerza un juicio prudente en sus responsabilidades de administraci\u00f3n.<\/li><li>Tener acceso a los estados financieros m\u00e1s recientes de la organizaci\u00f3n.<\/li><li>Tener la seguridad de que sus donativos se utilizar\u00e1n para los fines para los que fueron dados.<\/li><li>Recibir el reconocimiento adecuado.<\/li><li>A tener la seguridad de que la informaci\u00f3n sobre sus donaciones se maneja con respeto y con confidencialidad en la medida prevista por la ley.<\/li><li>Esperar que todas las relaciones con personas que representen a organizaciones de inter\u00e9s para el donante sean de naturaleza profesional.<\/li><li>Ser informado de si quienes solicitan donativos son voluntarios, empleados de la organizaci\u00f3n o solicitantes contratados.<\/li><li>Tener la oportunidad de que sus nombres sean eliminados de las listas de correo que una organizaci\u00f3n pretenda compartir.<\/li><li>A sentirte libre de hacer preguntas al hacer una donaci\u00f3n y a recibir respuestas r\u00e1pidas, veraces y directas.<\/li><\/ol><p><strong><br \/>DESARROLLADO POR<br \/><\/strong>American Association of Fundraising Counsel (AAFRC)<br \/>Association of Fundraising Professionals (AFP)<br \/>Association for Healthcare Philanthropy (AHP)<br \/>Council for Advancement and Support of Education (CASE)<\/p><p><strong>APOYADO GENERALMENTE POR<br \/><\/strong>Sector Independiente<br \/>Conferencia Nacional Cat\u00f3lica de Desarrollo (NCDC)<br \/>Comit\u00e9 Nacional de Donaciones Planificadas (NCPG)<br \/>Consejo Nacional para el Desarrollo de Recursos (NCRD)<br \/>United Way of America<\/p>\t\t\t\t\t\t\t\t<\/div>\n\t\t\t\t<\/div>\n\t\t\t\t<\/div>\n\t\t\t\t\t<\/div>\n\t\t\t\t<\/div>\n\t\t\t\t<\/div>\n\t\t","protected":false},"excerpt":{"rendered":"<p>Declaraci\u00f3n de derechos del donante Homepage La filantrop\u00eda se basa en la acci\u00f3n voluntaria por el bien com\u00fan. Es una tradici\u00f3n de dar y compartir que es primordial para la calidad de vida. Para garantizar que la filantrop\u00eda merezca el respeto y la confianza del p\u00fablico en general, y que los donantes y posibles donantes [&hellip;]<\/p>\n","protected":false},"author":2,"featured_media":0,"parent":0,"menu_order":0,"comment_status":"closed","ping_status":"closed","template":"","meta":{"_acf_changed":false,"footnotes":""},"class_list":["post-1856","page","type-page","status-publish","hentry"],"acf":[],"_links":{"self":[{"href":"https:\/\/opendoorcarenetwork.org\/es\/wp-json\/wp\/v2\/pages\/1856","targetHints":{"allow":["GET"]}}],"collection":[{"href":"https:\/\/opendoorcarenetwork.org\/es\/wp-json\/wp\/v2\/pages"}],"about":[{"href":"https:\/\/opendoorcarenetwork.org\/es\/wp-json\/wp\/v2\/types\/page"}],"author":[{"embeddable":true,"href":"https:\/\/opendoorcarenetwork.org\/es\/wp-json\/wp\/v2\/users\/2"}],"replies":[{"embeddable":true,"href":"https:\/\/opendoorcarenetwork.org\/es\/wp-json\/wp\/v2\/comments?post=1856"}],"version-history":[{"count":0,"href":"https:\/\/opendoorcarenetwork.org\/es\/wp-json\/wp\/v2\/pages\/1856\/revisions"}],"wp:attachment":[{"href":"https:\/\/opendoorcarenetwork.org\/es\/wp-json\/wp\/v2\/media?parent=1856"}],"curies":[{"name":"wp","href":"https:\/\/api.w.org\/{rel}","templated":true}]}}