{"id":1854,"date":"2024-04-05T10:31:18","date_gmt":"2024-04-05T14:31:18","guid":{"rendered":"https:\/\/opendr2024dev.wpenginepowered.com\/politica-de-privacidad-y-declaracion-de-derechos-del-paciente\/"},"modified":"2024-10-18T12:01:15","modified_gmt":"2024-10-18T16:01:15","slug":"politica-de-privacidad-y-declaracion-de-derechos-del-paciente","status":"publish","type":"page","link":"https:\/\/opendoorcarenetwork.org\/es\/politica-de-privacidad-y-declaracion-de-derechos-del-paciente\/","title":{"rendered":"Pol\u00edtica de Privacidad y Declaraci\u00f3n de Derechos del Paciente"},"content":{"rendered":"\t\t<div data-elementor-type=\"wp-page\" data-elementor-id=\"1854\" class=\"elementor elementor-1854 elementor-44\" data-elementor-post-type=\"page\">\n\t\t\t\t<div class=\"elementor-element elementor-element-12f5035b e-con-full e-flex e-con e-parent\" data-id=\"12f5035b\" data-element_type=\"container\" data-e-type=\"container\" data-settings=\"{&quot;background_background&quot;:&quot;classic&quot;,&quot;jet_parallax_layout_list&quot;:[]}\">\n\t\t<div data-dce-background-color=\"#007ABC\" class=\"elementor-element elementor-element-69b4be99 e-flex e-con-boxed e-con e-child\" data-id=\"69b4be99\" data-element_type=\"container\" data-e-type=\"container\" data-settings=\"{&quot;background_background&quot;:&quot;gradient&quot;,&quot;jet_parallax_layout_list&quot;:[]}\">\n\t\t\t\t\t<div class=\"e-con-inner\">\n\t\t<div class=\"elementor-element elementor-element-84b183a e-con-full e-flex e-con e-child\" data-id=\"84b183a\" data-element_type=\"container\" data-e-type=\"container\" data-settings=\"{&quot;jet_parallax_layout_list&quot;:[]}\">\n\t\t\t\t<div class=\"elementor-element elementor-element-7d24a030 elementor-widget elementor-widget-heading\" data-id=\"7d24a030\" data-element_type=\"widget\" data-e-type=\"widget\" data-widget_type=\"heading.default\">\n\t\t\t\t<div class=\"elementor-widget-container\">\n\t\t\t\t\t<h1 class=\"elementor-heading-title elementor-size-default\">Privacidad y Declaraci\u00f3n de Derechos del Paciente<\/h1>\t\t\t\t<\/div>\n\t\t\t\t<\/div>\n\t\t\t\t<\/div>\n\t\t\t\t\t<\/div>\n\t\t\t\t<\/div>\n\t\t\t\t<\/div>\n\t\t<div class=\"elementor-element elementor-element-43589f2 e-flex e-con-boxed e-con e-parent\" data-id=\"43589f2\" data-element_type=\"container\" data-e-type=\"container\" data-settings=\"{&quot;jet_parallax_layout_list&quot;:[]}\">\n\t\t\t\t\t<div class=\"e-con-inner\">\n\t\t<div class=\"elementor-element elementor-element-36e28f6a e-flex e-con-boxed e-con e-child\" data-id=\"36e28f6a\" data-element_type=\"container\" data-e-type=\"container\" data-settings=\"{&quot;jet_parallax_layout_list&quot;:[]}\">\n\t\t\t\t\t<div class=\"e-con-inner\">\n\t\t\t\t<div class=\"elementor-element elementor-element-230e1a50 jet-breadcrumbs-on-front-yes jet-breadcrumbs-page-title-yes elementor-widget elementor-widget-jet-breadcrumbs\" data-id=\"230e1a50\" data-element_type=\"widget\" data-e-type=\"widget\" data-widget_type=\"jet-breadcrumbs.default\">\n\t\t\t\t<div class=\"elementor-widget-container\">\n\t\t\t\t\t<div class=\"elementor-jet-breadcrumbs jet-blocks\">\n\t\t<div class=\"jet-breadcrumbs\">\n\t\t<div class=\"jet-breadcrumbs__content\">\n\t\t<div class=\"jet-breadcrumbs__wrap\"><div class=\"jet-breadcrumbs__item\"><a href=\"https:\/\/opendoorcarenetwork.org\/es\/\" class=\"jet-breadcrumbs__item-link is-home\" rel=\"home\" title=\"P\u00e1gina de inicio\">P\u00e1gina de inicio<\/a><\/div>\n\t\t<\/div>\n\t\t<\/div>\n\t\t<\/div><\/div>\t\t\t\t<\/div>\n\t\t\t\t<\/div>\n\t\t\t\t\t<\/div>\n\t\t\t\t<\/div>\n\t\t\t\t\t<\/div>\n\t\t\t\t<\/div>\n\t\t<div class=\"elementor-element elementor-element-2c2d57e2 e-flex e-con-boxed e-con e-parent\" data-id=\"2c2d57e2\" data-element_type=\"container\" data-e-type=\"container\" data-settings=\"{&quot;jet_parallax_layout_list&quot;:[]}\">\n\t\t\t\t\t<div class=\"e-con-inner\">\n\t\t<div class=\"elementor-element elementor-element-202e6da8 e-con-full e-flex e-con e-child\" data-id=\"202e6da8\" data-element_type=\"container\" data-e-type=\"container\" data-settings=\"{&quot;jet_parallax_layout_list&quot;:[]}\">\n\t\t\t\t<div class=\"elementor-element elementor-element-3bde5ae6 elementor-widget elementor-widget-heading\" data-id=\"3bde5ae6\" data-element_type=\"widget\" data-e-type=\"widget\" data-widget_type=\"heading.default\">\n\t\t\t\t<div class=\"elementor-widget-container\">\n\t\t\t\t\t<h2 class=\"elementor-heading-title elementor-size-default\">Pol\u00edtica de privacidad<\/h2>\t\t\t\t<\/div>\n\t\t\t\t<\/div>\n\t\t\t\t<div class=\"elementor-element elementor-element-1a381f66 elementor-widget elementor-widget-text-editor\" data-id=\"1a381f66\" data-element_type=\"widget\" data-e-type=\"widget\" data-widget_type=\"text-editor.default\">\n\t\t\t\t<div class=\"elementor-widget-container\">\n\t\t\t\t\t\t\t\t\t<p>Open Door Care Network no recopila informaci\u00f3n de identificaci\u00f3n personal de los visitantes de este sitio web (nombre, direcci\u00f3n, n\u00famero de tel\u00e9fono o direcci\u00f3n de correo electr\u00f3nico) a menos que dicha informaci\u00f3n sea proporcionada por el visitante o por el navegador del visitante para satisfacer las peticiones del usuario (solicitar solicitudes de empleo, presentar una queja o una recomendaci\u00f3n, hacer un donativo o inscribirse en eventos). Cualquier informaci\u00f3n proporcionada a trav\u00e9s del uso de este sitio por parte de un visitante s\u00f3lo se utilizar\u00e1 para responder a consultas o solicitudes directas, o para medir el tr\u00e1fico en este sitio web. <\/p>\n\t\t\t\t\t\t\t\t<\/div>\n\t\t\t\t<\/div>\n\t\t\t\t<\/div>\n\t\t\t\t\t<\/div>\n\t\t\t\t<\/div>\n\t\t<div class=\"elementor-element elementor-element-0398bd7 e-flex e-con-boxed e-con e-parent\" data-id=\"0398bd7\" data-element_type=\"container\" data-e-type=\"container\" data-settings=\"{&quot;jet_parallax_layout_list&quot;:[]}\">\n\t\t\t\t\t<div class=\"e-con-inner\">\n\t\t<div class=\"elementor-element elementor-element-2252b0c e-con-full e-flex e-con e-child\" data-id=\"2252b0c\" data-element_type=\"container\" data-e-type=\"container\" data-settings=\"{&quot;jet_parallax_layout_list&quot;:[]}\">\n\t\t\t\t<div class=\"elementor-element elementor-element-ed86e59 elementor-widget elementor-widget-heading\" data-id=\"ed86e59\" data-element_type=\"widget\" data-e-type=\"widget\" data-widget_type=\"heading.default\">\n\t\t\t\t<div class=\"elementor-widget-container\">\n\t\t\t\t\t<h2 class=\"elementor-heading-title elementor-size-default\">Declaraci\u00f3n de derechos del paciente<\/h2>\t\t\t\t<\/div>\n\t\t\t\t<\/div>\n\t\t\t\t<div class=\"elementor-element elementor-element-1e0569a elementor-widget elementor-widget-text-editor\" data-id=\"1e0569a\" data-element_type=\"widget\" data-e-type=\"widget\" data-widget_type=\"text-editor.default\">\n\t\t\t\t<div class=\"elementor-widget-container\">\n\t\t\t\t\t\t\t\t\t<p>Open Door Family Medical Center se compromete a proporcionarte la mejor asistencia sanitaria disponible de la forma m\u00e1s eficiente posible. Tienes ciertos derechos en tu relaci\u00f3n con el personal del centro sanitario que se ajustan a las leyes del Estado de Nueva York. <\/p>\n<p>Como paciente, tienes derecho a:<\/p>\n<ul>\n<li>Comprender y ejercer estos derechos. Si por cualquier motivo necesitas ayuda para comprender o ejercer estos derechos, el Centro DEBE proporcionarte asistencia, incluido un int\u00e9rprete cuando sea necesario. <\/li>\n<li>Recibir servicios sin distinci\u00f3n de edad, raza, color, religi\u00f3n, sexo, nacionalidad, discapacidad, estado civil, orientaci\u00f3n sexual, identidad de g\u00e9nero, patrocinador o fuente de pago.<\/li>\n<li>Recibe una atenci\u00f3n considerada y respetuosa en un entorno limpio, seguro y libre de humos.<\/li>\n<li>Ser informado del nombre del proveedor encargado de tu atenci\u00f3n en el Centro. Estar informado del nombre y cargo de cualquier otro miembro del personal que participe en tu atenci\u00f3n y poder rechazar su participaci\u00f3n en tu tratamiento. <\/li>\n<li>Recibir informaci\u00f3n completa del proveedor m\u00e9dico sobre tu diagn\u00f3stico y tratamiento, incluida una evaluaci\u00f3n del dolor. Ser informado sobre la necesidad y comprender el motivo de cualquier derivaci\u00f3n a otro centro. <\/li>\n<li>Recibir toda la informaci\u00f3n necesaria para dar un consentimiento informado para cualquier procedimiento o tratamiento no urgente propuesto. Esto incluir\u00e1 informaci\u00f3n sobre el procedimiento o tratamiento espec\u00edfico, o ambos, los riesgos razonablemente previsibles que conlleva y las alternativas de atenci\u00f3n o tratamiento, si las hubiera, de forma que el paciente pueda tomar una decisi\u00f3n con conocimiento de causa. <\/li>\n<li>Rechazar el tratamiento y que te digan qu\u00e9 efectos puede tener en tu salud.<\/li>\n<li>Negarte a participar en cualquier investigaci\u00f3n. Al decidir si participas o no, tienes derecho a una explicaci\u00f3n completa. <\/li>\n<li>Privacidad en el Centro y confidencialidad de toda la informaci\u00f3n y registros relativos a tu atenci\u00f3n.<\/li>\n<li>Participa en todas las decisiones sobre tu asistencia.<\/li>\n<li>Acceder a tu historial m\u00e9dico sin coste alguno y revisar el contenido con tu proveedor. Obtener una copia de tu historial m\u00e9dico, por la que el Centro puede cobrar una tarifa razonable; sin embargo, no se te puede negar una copia \u00fanicamente porque no puedas pagarla. <\/li>\n<li>Recibir una factura detallada y una explicaci\u00f3n de todos los cargos. Ver una lista de los planes de salud y los hospitales con los que participa el centro; la elegibilidad para reembolsos de terceros y, cuando proceda, la disponibilidad de atenci\u00f3n gratuita o a coste reducido. <\/li>\n<li>Quejarte sin miedo a represalias sobre la atenci\u00f3n y los servicios que recibes y recibir una respuesta por escrito si as\u00ed lo solicitas. Si no est\u00e1s satisfecho con la respuesta, puedes quejarte al Departamento de Salud del Estado de Nueva York, Oficina de Gesti\u00f3n de Sistemas Sanitarios, llamando al <a href=\"tel:800-804-5447\">800-804-5447<\/a>. <\/li>\n<li>Ser informado de los servicios disponibles en el Centro.<\/li>\n<li>Conoce las disposiciones para la atenci\u00f3n fuera de horario a trav\u00e9s del Centro <a href=\"tel:914-632-2737\">(914) 632-2737<\/a>.<\/li>\n<li>Autorizar o denegar la divulgaci\u00f3n del contenido de tu historial m\u00e9dico a cualquier m\u00e9dico o centro sanitario, salvo que lo exija la ley o un contrato de pago a terceros.<\/li>\n<li>Da a conocer tus deseos en relaci\u00f3n con las voluntades anticipadas y las donaciones anat\u00f3micas. Puedes documentar tus deseos en tu poder sanitario, disponible en el Centro. Si surge una emergencia mientras est\u00e1s en Open Door, el personal llamar\u00e1 al \u00ab911\u00bb y organizar\u00e1 el traslado a un hospital. Si tenemos tus Voluntades Anticipadas, las enviaremos al hospital receptor.   <\/li>\n<li>Estar informado sobre las normas y reglamentos del Centro relativos a la conducta de los pacientes en el Centro.<\/li>\n<li>Estar informado sobre c\u00f3mo denunciar las faltas profesionales: <a href=\"https:\/\/www.health.ny.gov\/professionals\/doctors\/conduct\" target=\"_blank\" rel=\"noopener\">https:\/\/www.health.ny.gov\/professionals\/doctors\/conduct<\/a><\/li>\n<\/ul>\n\t\t\t\t\t\t\t\t<\/div>\n\t\t\t\t<\/div>\n\t\t\t\t<\/div>\n\t\t\t\t\t<\/div>\n\t\t\t\t<\/div>\n\t\t\t\t<\/div>\n\t\t","protected":false},"excerpt":{"rendered":"<p>Privacidad y Declaraci\u00f3n de Derechos del Paciente Homepage Pol\u00edtica de privacidad Open Door Care Network no recopila informaci\u00f3n de identificaci\u00f3n personal de los visitantes de este sitio web (nombre, direcci\u00f3n, n\u00famero de tel\u00e9fono o direcci\u00f3n de correo electr\u00f3nico) a menos que dicha informaci\u00f3n sea proporcionada por el visitante o por el navegador del visitante para [&hellip;]<\/p>\n","protected":false},"author":2,"featured_media":0,"parent":0,"menu_order":0,"comment_status":"closed","ping_status":"closed","template":"","meta":{"_acf_changed":false,"footnotes":""},"class_list":["post-1854","page","type-page","status-publish","hentry"],"acf":[],"_links":{"self":[{"href":"https:\/\/opendoorcarenetwork.org\/es\/wp-json\/wp\/v2\/pages\/1854","targetHints":{"allow":["GET"]}}],"collection":[{"href":"https:\/\/opendoorcarenetwork.org\/es\/wp-json\/wp\/v2\/pages"}],"about":[{"href":"https:\/\/opendoorcarenetwork.org\/es\/wp-json\/wp\/v2\/types\/page"}],"author":[{"embeddable":true,"href":"https:\/\/opendoorcarenetwork.org\/es\/wp-json\/wp\/v2\/users\/2"}],"replies":[{"embeddable":true,"href":"https:\/\/opendoorcarenetwork.org\/es\/wp-json\/wp\/v2\/comments?post=1854"}],"version-history":[{"count":0,"href":"https:\/\/opendoorcarenetwork.org\/es\/wp-json\/wp\/v2\/pages\/1854\/revisions"}],"wp:attachment":[{"href":"https:\/\/opendoorcarenetwork.org\/es\/wp-json\/wp\/v2\/media?parent=1854"}],"curies":[{"name":"wp","href":"https:\/\/api.w.org\/{rel}","templated":true}]}}