{"id":1850,"date":"2024-04-05T10:50:37","date_gmt":"2024-04-05T14:50:37","guid":{"rendered":"https:\/\/opendr2024dev.wpenginepowered.com\/oportunidades-de-voluntariado\/"},"modified":"2025-04-22T22:58:54","modified_gmt":"2025-04-23T02:58:54","slug":"oportunidades-de-voluntariado","status":"publish","type":"page","link":"https:\/\/opendoorcarenetwork.org\/es\/quienes-somos\/oportunidades-de-voluntariado\/","title":{"rendered":"Oportunidades de voluntariado"},"content":{"rendered":"\t\t<div data-elementor-type=\"wp-page\" data-elementor-id=\"1850\" class=\"elementor elementor-1850 elementor-83\" data-elementor-post-type=\"page\">\n\t\t\t\t<div data-dce-background-image-url=\"https:\/\/opendoorcarenetwork.org\/wp-content\/uploads\/2024\/05\/volunteer-opportunites-header.jpg\" class=\"elementor-element elementor-element-1fa9c287 e-con-full e-flex e-con e-parent\" data-id=\"1fa9c287\" data-element_type=\"container\" data-e-type=\"container\" data-settings=\"{&quot;background_background&quot;:&quot;classic&quot;,&quot;jet_parallax_layout_list&quot;:[]}\">\n\t\t<div data-dce-background-color=\"#007ABC\" class=\"elementor-element elementor-element-5235a2a3 e-flex e-con-boxed e-con e-child\" data-id=\"5235a2a3\" data-element_type=\"container\" data-e-type=\"container\" data-settings=\"{&quot;background_background&quot;:&quot;gradient&quot;,&quot;jet_parallax_layout_list&quot;:[]}\">\n\t\t\t\t\t<div class=\"e-con-inner\">\n\t\t<div class=\"elementor-element elementor-element-1dc7af2a e-con-full e-flex e-con e-child\" data-id=\"1dc7af2a\" data-element_type=\"container\" data-e-type=\"container\" data-settings=\"{&quot;jet_parallax_layout_list&quot;:[]}\">\n\t\t\t\t<div class=\"elementor-element elementor-element-66d7a7e8 elementor-widget__width-initial elementor-widget-tablet__width-inherit elementor-widget elementor-widget-heading\" data-id=\"66d7a7e8\" data-element_type=\"widget\" data-e-type=\"widget\" data-widget_type=\"heading.default\">\n\t\t\t\t<div class=\"elementor-widget-container\">\n\t\t\t\t\t<h1 class=\"elementor-heading-title elementor-size-default\">Oportunidades de voluntariado<\/h1>\t\t\t\t<\/div>\n\t\t\t\t<\/div>\n\t\t\t\t<\/div>\n\t\t\t\t\t<\/div>\n\t\t\t\t<\/div>\n\t\t\t\t<\/div>\n\t\t<div class=\"elementor-element elementor-element-125a68f1 e-flex e-con-boxed e-con e-parent\" data-id=\"125a68f1\" data-element_type=\"container\" data-e-type=\"container\" data-settings=\"{&quot;jet_parallax_layout_list&quot;:[]}\">\n\t\t\t\t\t<div class=\"e-con-inner\">\n\t\t<div class=\"elementor-element elementor-element-7e94e222 e-flex e-con-boxed e-con e-child\" data-id=\"7e94e222\" data-element_type=\"container\" data-e-type=\"container\" data-settings=\"{&quot;jet_parallax_layout_list&quot;:[]}\">\n\t\t\t\t\t<div class=\"e-con-inner\">\n\t\t\t\t<div class=\"elementor-element elementor-element-4b120587 jet-breadcrumbs-on-front-yes jet-breadcrumbs-page-title-yes elementor-widget elementor-widget-jet-breadcrumbs\" data-id=\"4b120587\" data-element_type=\"widget\" data-e-type=\"widget\" data-widget_type=\"jet-breadcrumbs.default\">\n\t\t\t\t<div class=\"elementor-widget-container\">\n\t\t\t\t\t<div class=\"elementor-jet-breadcrumbs jet-blocks\">\n\t\t<div class=\"jet-breadcrumbs\">\n\t\t<div class=\"jet-breadcrumbs__content\">\n\t\t<div class=\"jet-breadcrumbs__wrap\"><div class=\"jet-breadcrumbs__item\"><a href=\"https:\/\/opendoorcarenetwork.org\/es\/\" class=\"jet-breadcrumbs__item-link is-home\" rel=\"home\" title=\"P\u00e1gina de inicio\">P\u00e1gina de inicio<\/a><\/div>\n\t\t<\/div>\n\t\t<\/div>\n\t\t<\/div><\/div>\t\t\t\t<\/div>\n\t\t\t\t<\/div>\n\t\t\t\t\t<\/div>\n\t\t\t\t<\/div>\n\t\t\t\t\t<\/div>\n\t\t\t\t<\/div>\n\t\t<div class=\"elementor-element elementor-element-98c3c13 e-flex e-con-boxed e-con e-parent\" data-id=\"98c3c13\" data-element_type=\"container\" data-e-type=\"container\" data-settings=\"{&quot;jet_parallax_layout_list&quot;:[]}\">\n\t\t\t\t\t<div class=\"e-con-inner\">\n\t\t<div class=\"elementor-element elementor-element-6180fdd3 e-con-full e-flex e-con e-child\" data-id=\"6180fdd3\" data-element_type=\"container\" data-e-type=\"container\" data-settings=\"{&quot;jet_parallax_layout_list&quot;:[]}\">\n\t\t<div class=\"elementor-element elementor-element-2fdfb25 e-con-full e-flex e-con e-child\" data-id=\"2fdfb25\" data-element_type=\"container\" data-e-type=\"container\" data-settings=\"{&quot;jet_parallax_layout_list&quot;:[]}\">\n\t\t\t\t<div class=\"elementor-element elementor-element-60d2ab6 elementor-widget elementor-widget-heading\" data-id=\"60d2ab6\" data-element_type=\"widget\" data-e-type=\"widget\" data-widget_type=\"heading.default\">\n\t\t\t\t<div class=\"elementor-widget-container\">\n\t\t\t\t\t<h2 class=\"elementor-heading-title elementor-size-default\">Participa ahora<\/h2>\t\t\t\t<\/div>\n\t\t\t\t<\/div>\n\t\t\t\t<div class=\"elementor-element elementor-element-aff87bc elementor-widget elementor-widget-text-editor\" data-id=\"aff87bc\" data-element_type=\"widget\" data-e-type=\"widget\" data-widget_type=\"text-editor.default\">\n\t\t\t\t<div class=\"elementor-widget-container\">\n\t\t\t\t\t\t\t\t\t<p>Los voluntarios apoyan enormemente nuestra misi\u00f3n y son miembros vitales de la comunidad de Open Door. Los voluntarios marcan una diferencia positiva fortaleciendo vidas y llevando esperanza a nuestros vecinos. <\/p>\n<p>Elige entre funciones flexibles de voluntariado a largo plazo, as\u00ed como inspiradoras actividades de servicio de un d\u00eda. Se invita a personas a partir de 16 a\u00f1os, organizaciones sin \u00e1nimo de lucro, empresas, escuelas, grupos comunitarios y socios religiosos. El personal puede ayudarte a encontrar lo que mejor se adapte a ti.  <\/p>\n<p>Echa un vistazo a la variedad de oportunidades de voluntariado disponibles actualmente e inscr\u00edbete para unirte a nuestro equipo de voluntarios. Estamos deseando darte la bienvenida y el tremendo impacto que tendr\u00e1s. <\/p>\n\t\t\t\t\t\t\t\t<\/div>\n\t\t\t\t<\/div>\n\t\t\t\t<div class=\"elementor-element elementor-element-a48ba06 elementor-widget elementor-widget-jet-button\" data-id=\"a48ba06\" data-element_type=\"widget\" data-e-type=\"widget\" data-widget_type=\"jet-button.default\">\n\t\t\t\t<div class=\"elementor-widget-container\">\n\t\t\t\t\t<div class=\"elementor-jet-button jet-elements\"><div class=\"jet-button__container\">\n\t<a class=\"jet-button__instance jet-button__instance--icon-right hover-effect-0\" href=\"https:\/\/opendoor.volunteerlocal.com\/volunteer\/?id=83619\" target=\"_blank\" rel=\"noopener\">\n\t\t<div class=\"jet-button__plane jet-button__plane-normal\"><\/div>\n\t\t<div class=\"jet-button__plane jet-button__plane-hover\"><\/div>\n\t\t<div class=\"jet-button__state jet-button__state-normal\">\n\t\t\t<span class=\"jet-button__icon jet-elements-icon\"><svg aria-hidden=\"true\" class=\"e-font-icon-svg e-fas-arrow-alt-circle-right\" viewBox=\"0 0 512 512\" xmlns=\"http:\/\/www.w3.org\/2000\/svg\"><path d=\"M256 8c137 0 248 111 248 248S393 504 256 504 8 393 8 256 119 8 256 8zM140 300h116v70.9c0 10.7 13 16.1 20.5 8.5l114.3-114.9c4.7-4.7 4.7-12.2 0-16.9l-114.3-115c-7.6-7.6-20.5-2.2-20.5 8.5V212H140c-6.6 0-12 5.4-12 12v64c0 6.6 5.4 12 12 12z\"><\/path><\/svg><\/span><span class=\"jet-button__label\">Voluntario Indicaci\u00f3n de Inter\u00e9s<\/span>\t\t<\/div>\n\t\t<div class=\"jet-button__state jet-button__state-hover\">\n\t\t\t<span class=\"jet-button__icon jet-elements-icon\"><svg aria-hidden=\"true\" class=\"e-font-icon-svg e-fas-arrow-alt-circle-right\" viewBox=\"0 0 512 512\" xmlns=\"http:\/\/www.w3.org\/2000\/svg\"><path d=\"M256 8c137 0 248 111 248 248S393 504 256 504 8 393 8 256 119 8 256 8zM140 300h116v70.9c0 10.7 13 16.1 20.5 8.5l114.3-114.9c4.7-4.7 4.7-12.2 0-16.9l-114.3-115c-7.6-7.6-20.5-2.2-20.5 8.5V212H140c-6.6 0-12 5.4-12 12v64c0 6.6 5.4 12 12 12z\"><\/path><\/svg><\/span><span class=\"jet-button__label\">Voluntario Indicaci\u00f3n de Inter\u00e9s<\/span>\t\t<\/div>\n\t<\/a>\n<\/div>\n<\/div>\t\t\t\t<\/div>\n\t\t\t\t<\/div>\n\t\t\t\t<\/div>\n\t\t\t\t<\/div>\n\t\t\t\t\t<\/div>\n\t\t\t\t<\/div>\n\t\t<div class=\"elementor-element elementor-element-32585a3b e-flex e-con-boxed e-con e-parent\" data-id=\"32585a3b\" data-element_type=\"container\" data-e-type=\"container\" data-settings=\"{&quot;jet_parallax_layout_list&quot;:[]}\">\n\t\t\t\t\t<div class=\"e-con-inner\">\n\t\t<div class=\"elementor-element elementor-element-5f94e9aa e-flex e-con-boxed e-con e-child\" data-id=\"5f94e9aa\" data-element_type=\"container\" data-e-type=\"container\" data-settings=\"{&quot;background_background&quot;:&quot;classic&quot;,&quot;jet_parallax_layout_list&quot;:[]}\">\n\t\t\t\t\t<div class=\"e-con-inner\">\n\t\t\t\t<div class=\"elementor-element elementor-element-5070ed7e elementor-widget elementor-widget-spacer\" data-id=\"5070ed7e\" data-element_type=\"widget\" data-e-type=\"widget\" data-widget_type=\"spacer.default\">\n\t\t\t\t<div class=\"elementor-widget-container\">\n\t\t\t\t\t\t\t<div class=\"elementor-spacer\">\n\t\t\t<div class=\"elementor-spacer-inner\"><\/div>\n\t\t<\/div>\n\t\t\t\t\t\t<\/div>\n\t\t\t\t<\/div>\n\t\t\t\t\t<\/div>\n\t\t\t\t<\/div>\n\t\t\t\t\t<\/div>\n\t\t\t\t<\/div>\n\t\t<div class=\"elementor-element elementor-element-6b1211c e-flex e-con-boxed e-con e-parent\" data-id=\"6b1211c\" data-element_type=\"container\" data-e-type=\"container\" data-settings=\"{&quot;jet_parallax_layout_list&quot;:[]}\">\n\t\t\t\t\t<div class=\"e-con-inner\">\n\t\t<div class=\"elementor-element elementor-element-3044290 e-con-full e-flex e-con e-child\" data-id=\"3044290\" data-element_type=\"container\" data-e-type=\"container\" data-settings=\"{&quot;jet_parallax_layout_list&quot;:[]}\">\n\t\t<div class=\"elementor-element elementor-element-2effd88 e-con-full e-flex e-con e-child\" data-id=\"2effd88\" data-element_type=\"container\" data-e-type=\"container\" data-settings=\"{&quot;jet_parallax_layout_list&quot;:[]}\">\n\t\t\t\t<div class=\"elementor-element elementor-element-40ac62b dce_masking-none elementor-widget elementor-widget-image\" data-id=\"40ac62b\" data-element_type=\"widget\" data-e-type=\"widget\" data-widget_type=\"image.default\">\n\t\t\t\t<div class=\"elementor-widget-container\">\n\t\t\t\t\t\t\t\t\t\t\t\t\t\t\t<img decoding=\"async\" width=\"150\" height=\"150\" src=\"https:\/\/opendoorcarenetwork.org\/wp-content\/uploads\/2024\/08\/file-pen-duotone-solid-1-150x150.jpg\" class=\"attachment-thumbnail size-thumbnail wp-image-1600\" alt=\"\" srcset=\"https:\/\/opendoorcarenetwork.org\/wp-content\/uploads\/2024\/08\/file-pen-duotone-solid-1-150x150.jpg 150w, https:\/\/opendoorcarenetwork.org\/wp-content\/uploads\/2024\/08\/file-pen-duotone-solid-1-300x300.jpg 300w, https:\/\/opendoorcarenetwork.org\/wp-content\/uploads\/2024\/08\/file-pen-duotone-solid-1.jpg 576w\" sizes=\"(max-width: 150px) 100vw, 150px\" \/>\t\t\t\t\t\t\t\t\t\t\t\t\t\t\t<\/div>\n\t\t\t\t<\/div>\n\t\t\t\t<div class=\"elementor-element elementor-element-75beb03 elementor-widget elementor-widget-heading\" data-id=\"75beb03\" data-element_type=\"widget\" data-e-type=\"widget\" data-widget_type=\"heading.default\">\n\t\t\t\t<div class=\"elementor-widget-container\">\n\t\t\t\t\t<h2 class=\"elementor-heading-title elementor-size-default\">Administrativo<\/h2>\t\t\t\t<\/div>\n\t\t\t\t<\/div>\n\t\t\t\t<div class=\"elementor-element elementor-element-bd4bf95 elementor-widget elementor-widget-text-editor\" data-id=\"bd4bf95\" data-element_type=\"widget\" data-e-type=\"widget\" data-widget_type=\"text-editor.default\">\n\t\t\t\t<div class=\"elementor-widget-container\">\n\t\t\t\t\t\t\t\t\t<p>Se necesitan voluntarios para apoyar a varios departamentos, como TI, Desarrollo, Finanzas y Extensi\u00f3n Comunitaria. Ayudan en la introducci\u00f3n de datos, el escaneado, la extensi\u00f3n a la comunidad y eventos especiales. <\/p>\n\t\t\t\t\t\t\t\t<\/div>\n\t\t\t\t<\/div>\n\t\t\t\t<\/div>\n\t\t\t\t<\/div>\n\t\t<div class=\"elementor-element elementor-element-706e4a5 e-con-full e-flex e-con e-child\" data-id=\"706e4a5\" data-element_type=\"container\" data-e-type=\"container\" data-settings=\"{&quot;jet_parallax_layout_list&quot;:[]}\">\n\t\t<div class=\"elementor-element elementor-element-1f7a900 e-con-full e-flex e-con e-child\" data-id=\"1f7a900\" data-element_type=\"container\" data-e-type=\"container\" data-settings=\"{&quot;jet_parallax_layout_list&quot;:[]}\">\n\t\t\t\t<div class=\"elementor-element elementor-element-41a8645 dce_masking-none elementor-widget elementor-widget-image\" data-id=\"41a8645\" data-element_type=\"widget\" data-e-type=\"widget\" data-widget_type=\"image.default\">\n\t\t\t\t<div class=\"elementor-widget-container\">\n\t\t\t\t\t\t\t\t\t\t\t\t\t\t\t<img decoding=\"async\" width=\"150\" height=\"150\" src=\"https:\/\/opendoorcarenetwork.org\/wp-content\/uploads\/2024\/08\/box-heart-duotone-solid-150x150.jpg\" class=\"attachment-thumbnail size-thumbnail wp-image-1594\" alt=\"\" \/>\t\t\t\t\t\t\t\t\t\t\t\t\t\t\t<\/div>\n\t\t\t\t<\/div>\n\t\t\t\t<div class=\"elementor-element elementor-element-d86d930 elementor-widget elementor-widget-heading\" data-id=\"d86d930\" data-element_type=\"widget\" data-e-type=\"widget\" data-widget_type=\"heading.default\">\n\t\t\t\t<div class=\"elementor-widget-container\">\n\t\t\t\t\t<h2 class=\"elementor-heading-title elementor-size-default\">Campa\u00f1as en Especie<\/h2>\t\t\t\t<\/div>\n\t\t\t\t<\/div>\n\t\t\t\t<div class=\"elementor-element elementor-element-25e4a97 elementor-widget elementor-widget-text-editor\" data-id=\"25e4a97\" data-element_type=\"widget\" data-e-type=\"widget\" data-widget_type=\"text-editor.default\">\n\t\t\t\t<div class=\"elementor-widget-container\">\n\t\t\t\t\t\t\t\t\t<p>Las donaciones en especie aportan recursos muy necesarios a nuestras familias de la Red de Atenci\u00f3n Open Door. Patrocina una campa\u00f1a de donativos en especie para apoyar los programas de los pacientes. Se necesitan art\u00edculos nuevos donados para el programa prenatal, los programas escolares, Reach Out and Read y los actos navide\u00f1os.  <\/p>\n\t\t\t\t\t\t\t\t<\/div>\n\t\t\t\t<\/div>\n\t\t\t\t<\/div>\n\t\t\t\t<\/div>\n\t\t<div class=\"elementor-element elementor-element-4441a57 e-con-full e-flex e-con e-child\" data-id=\"4441a57\" data-element_type=\"container\" data-e-type=\"container\" data-settings=\"{&quot;jet_parallax_layout_list&quot;:[]}\">\n\t\t<div class=\"elementor-element elementor-element-c2f5094 e-con-full e-flex e-con e-child\" data-id=\"c2f5094\" data-element_type=\"container\" data-e-type=\"container\" data-settings=\"{&quot;jet_parallax_layout_list&quot;:[]}\">\n\t\t\t\t<div class=\"elementor-element elementor-element-608e0dc dce_masking-none elementor-widget elementor-widget-image\" data-id=\"608e0dc\" data-element_type=\"widget\" data-e-type=\"widget\" data-widget_type=\"image.default\">\n\t\t\t\t<div class=\"elementor-widget-container\">\n\t\t\t\t\t\t\t\t\t\t\t\t\t\t\t<img decoding=\"async\" width=\"150\" height=\"150\" src=\"https:\/\/opendoorcarenetwork.org\/wp-content\/uploads\/2024\/08\/people-group-duotone-solid-1-150x150.jpg\" class=\"attachment-thumbnail size-thumbnail wp-image-1602\" alt=\"\" srcset=\"https:\/\/opendoorcarenetwork.org\/wp-content\/uploads\/2024\/08\/people-group-duotone-solid-1-150x150.jpg 150w, https:\/\/opendoorcarenetwork.org\/wp-content\/uploads\/2024\/08\/people-group-duotone-solid-1-300x300.jpg 300w, https:\/\/opendoorcarenetwork.org\/wp-content\/uploads\/2024\/08\/people-group-duotone-solid-1.jpg 640w\" sizes=\"(max-width: 150px) 100vw, 150px\" \/>\t\t\t\t\t\t\t\t\t\t\t\t\t\t\t<\/div>\n\t\t\t\t<\/div>\n\t\t\t\t<div class=\"elementor-element elementor-element-cc34a8d elementor-widget elementor-widget-heading\" data-id=\"cc34a8d\" data-element_type=\"widget\" data-e-type=\"widget\" data-widget_type=\"heading.default\">\n\t\t\t\t<div class=\"elementor-widget-container\">\n\t\t\t\t\t<h2 class=\"elementor-heading-title elementor-size-default\">Ni\u00f1os<\/h2>\t\t\t\t<\/div>\n\t\t\t\t<\/div>\n\t\t\t\t<div class=\"elementor-element elementor-element-bdcfe62 elementor-widget elementor-widget-text-editor\" data-id=\"bdcfe62\" data-element_type=\"widget\" data-e-type=\"widget\" data-widget_type=\"text-editor.default\">\n\t\t\t\t<div class=\"elementor-widget-container\">\n\t\t\t\t\t\t\t\t\t<p>Si te gustan los ni\u00f1os, tenemos oportunidades de voluntariado con reci\u00e9n nacidos hasta adolescentes.<\/p>\n\t\t\t\t\t\t\t\t<\/div>\n\t\t\t\t<\/div>\n\t\t\t\t<\/div>\n\t\t\t\t<\/div>\n\t\t<div class=\"elementor-element elementor-element-85f769e e-con-full e-flex e-con e-child\" data-id=\"85f769e\" data-element_type=\"container\" data-e-type=\"container\" data-settings=\"{&quot;jet_parallax_layout_list&quot;:[]}\">\n\t\t<div class=\"elementor-element elementor-element-e9f449a e-con-full e-flex e-con e-child\" data-id=\"e9f449a\" data-element_type=\"container\" data-e-type=\"container\" data-settings=\"{&quot;jet_parallax_layout_list&quot;:[]}\">\n\t\t\t\t<div class=\"elementor-element elementor-element-088806c dce_masking-none elementor-widget elementor-widget-image\" data-id=\"088806c\" data-element_type=\"widget\" data-e-type=\"widget\" data-widget_type=\"image.default\">\n\t\t\t\t<div class=\"elementor-widget-container\">\n\t\t\t\t\t\t\t\t\t\t\t\t\t\t\t<img loading=\"lazy\" decoding=\"async\" width=\"150\" height=\"150\" src=\"https:\/\/opendoorcarenetwork.org\/wp-content\/uploads\/2024\/08\/snowflakes-duotone-solid-150x150.jpg\" class=\"attachment-thumbnail size-thumbnail wp-image-1598\" alt=\"\" srcset=\"https:\/\/opendoorcarenetwork.org\/wp-content\/uploads\/2024\/08\/snowflakes-duotone-solid-150x150.jpg 150w, https:\/\/opendoorcarenetwork.org\/wp-content\/uploads\/2024\/08\/snowflakes-duotone-solid-300x300.jpg 300w, https:\/\/opendoorcarenetwork.org\/wp-content\/uploads\/2024\/08\/snowflakes-duotone-solid.jpg 617w\" sizes=\"(max-width: 150px) 100vw, 150px\" \/>\t\t\t\t\t\t\t\t\t\t\t\t\t\t\t<\/div>\n\t\t\t\t<\/div>\n\t\t\t\t<div class=\"elementor-element elementor-element-c664804 elementor-widget elementor-widget-heading\" data-id=\"c664804\" data-element_type=\"widget\" data-e-type=\"widget\" data-widget_type=\"heading.default\">\n\t\t\t\t<div class=\"elementor-widget-container\">\n\t\t\t\t\t<h2 class=\"elementor-heading-title elementor-size-default\">Estacional<\/h2>\t\t\t\t<\/div>\n\t\t\t\t<\/div>\n\t\t\t\t<div class=\"elementor-element elementor-element-a34a2ed elementor-widget elementor-widget-text-editor\" data-id=\"a34a2ed\" data-element_type=\"widget\" data-e-type=\"widget\" data-widget_type=\"text-editor.default\">\n\t\t\t\t<div class=\"elementor-widget-container\">\n\t\t\t\t\t\t\t\t\t<p>Lleva alegr\u00eda a la comunidad desfavorecida. Durante las fiestas navide\u00f1as hay muchos actos en los que se necesitan ayudantes para clasificar, organizar y recoger juguetes y otros art\u00edculos. <\/p>\n\t\t\t\t\t\t\t\t<\/div>\n\t\t\t\t<\/div>\n\t\t\t\t<\/div>\n\t\t\t\t<\/div>\n\t\t\t\t\t<\/div>\n\t\t\t\t<\/div>\n\t\t\t\t<\/div>\n\t\t","protected":false},"excerpt":{"rendered":"<p>Oportunidades de voluntariado Homepage Participa ahora Los voluntarios apoyan enormemente nuestra misi\u00f3n y son miembros vitales de la comunidad de Open Door. Los voluntarios marcan una diferencia positiva fortaleciendo vidas y llevando esperanza a nuestros vecinos. Elige entre funciones flexibles de voluntariado a largo plazo, as\u00ed como inspiradoras actividades de servicio de un d\u00eda. Se [&hellip;]<\/p>\n","protected":false},"author":2,"featured_media":0,"parent":1858,"menu_order":0,"comment_status":"closed","ping_status":"closed","template":"","meta":{"_acf_changed":false,"footnotes":""},"class_list":["post-1850","page","type-page","status-publish","hentry"],"acf":[],"_links":{"self":[{"href":"https:\/\/opendoorcarenetwork.org\/es\/wp-json\/wp\/v2\/pages\/1850","targetHints":{"allow":["GET"]}}],"collection":[{"href":"https:\/\/opendoorcarenetwork.org\/es\/wp-json\/wp\/v2\/pages"}],"about":[{"href":"https:\/\/opendoorcarenetwork.org\/es\/wp-json\/wp\/v2\/types\/page"}],"author":[{"embeddable":true,"href":"https:\/\/opendoorcarenetwork.org\/es\/wp-json\/wp\/v2\/users\/2"}],"replies":[{"embeddable":true,"href":"https:\/\/opendoorcarenetwork.org\/es\/wp-json\/wp\/v2\/comments?post=1850"}],"version-history":[{"count":0,"href":"https:\/\/opendoorcarenetwork.org\/es\/wp-json\/wp\/v2\/pages\/1850\/revisions"}],"up":[{"embeddable":true,"href":"https:\/\/opendoorcarenetwork.org\/es\/wp-json\/wp\/v2\/pages\/1858"}],"wp:attachment":[{"href":"https:\/\/opendoorcarenetwork.org\/es\/wp-json\/wp\/v2\/media?parent=1850"}],"curies":[{"name":"wp","href":"https:\/\/api.w.org\/{rel}","templated":true}]}}